{"id":852,"date":"2019-03-25T13:49:40","date_gmt":"2019-03-25T12:49:40","guid":{"rendered":"http:\/\/www.folkvangboligselskap.no\/?page_id=852"},"modified":"2026-01-27T14:01:20","modified_gmt":"2026-01-27T13:01:20","slug":"utleieleilighet","status":"publish","type":"page","link":"https:\/\/www.folkvangboligselskap.no\/?page_id=852","title":{"rendered":"Gjesteleilighet"},"content":{"rendered":"<h2><strong style=\"font-size: 16px; color: #191e23;\">Velkommen til \u00e5 leie gjesteleiligheten for aksjon\u00e6rene i Folkvang Boligselskap AS<\/strong><\/h2>\n<p><a href=\"https:\/\/bookingtjeneste.no\/folkvang\"><img loading=\"lazy\" decoding=\"async\" src=\"https:\/\/th.bing.com\/th\/id\/OIP.FI71db_d_ImficoavKvwrwHaEc?w=262&amp;h=180&amp;c=7&amp;r=0&amp;o=5&amp;dpr=1.3&amp;pid=1.7\" alt=\"Bilderesultat for booking\" width=\"340\" height=\"234\" \/><\/a><\/p>\n<p><a href=\"https:\/\/bookingtjeneste.no\/folkvang\">Booking av gjeste leiligheten<\/a><\/p>\n<pre><span style=\"color: #0000ff;\"><strong style=\"font-size: 16px; color: #191e23; font-family: 'Noto Serif';\">\nLitt informasjon om leiligheten:<\/strong><\/span><\/pre>\n<p>Leiligheten har soveplass til fire personer.<br \/>Dobbelseng p\u00e5 soverom og sovesofa i stuen.<\/p>\n<p><a href=\"http:\/\/www.folkvangboligselskap.no\/wp-content\/uploads\/2019\/04\/IMG_20190403_092005.jpg\"><img loading=\"lazy\" decoding=\"async\" class=\" wp-image-975\" src=\"http:\/\/www.folkvangboligselskap.no\/wp-content\/uploads\/2019\/04\/IMG_20190403_092005-300x225.jpg\" alt=\"\" width=\"267\" height=\"200\" srcset=\"https:\/\/www.folkvangboligselskap.no\/wp-content\/uploads\/2019\/04\/IMG_20190403_092005-300x225.jpg 300w, https:\/\/www.folkvangboligselskap.no\/wp-content\/uploads\/2019\/04\/IMG_20190403_092005-768x576.jpg 768w, https:\/\/www.folkvangboligselskap.no\/wp-content\/uploads\/2019\/04\/IMG_20190403_092005-1024x768.jpg 1024w, https:\/\/www.folkvangboligselskap.no\/wp-content\/uploads\/2019\/04\/IMG_20190403_092005-400x300.jpg 400w\" sizes=\"auto, (max-width: 267px) 100vw, 267px\" \/><\/a><\/p>\n<p><a href=\"http:\/\/www.folkvangboligselskap.no\/wp-content\/uploads\/2019\/04\/IMG_20190403_092110.jpg\"><img loading=\"lazy\" decoding=\"async\" class=\" wp-image-976\" src=\"http:\/\/www.folkvangboligselskap.no\/wp-content\/uploads\/2019\/04\/IMG_20190403_092110-300x225.jpg\" alt=\"\" width=\"267\" height=\"200\" srcset=\"https:\/\/www.folkvangboligselskap.no\/wp-content\/uploads\/2019\/04\/IMG_20190403_092110-300x225.jpg 300w, https:\/\/www.folkvangboligselskap.no\/wp-content\/uploads\/2019\/04\/IMG_20190403_092110-768x576.jpg 768w, https:\/\/www.folkvangboligselskap.no\/wp-content\/uploads\/2019\/04\/IMG_20190403_092110-1024x768.jpg 1024w, https:\/\/www.folkvangboligselskap.no\/wp-content\/uploads\/2019\/04\/IMG_20190403_092110-400x300.jpg 400w\" sizes=\"auto, (max-width: 267px) 100vw, 267px\" \/><\/a><\/p>\n<p><a href=\"http:\/\/www.folkvangboligselskap.no\/wp-content\/uploads\/2019\/04\/IMG_20190403_092125.jpg\"><img loading=\"lazy\" decoding=\"async\" class=\" wp-image-977\" src=\"http:\/\/www.folkvangboligselskap.no\/wp-content\/uploads\/2019\/04\/IMG_20190403_092125-300x225.jpg\" alt=\"\" width=\"267\" height=\"200\" srcset=\"https:\/\/www.folkvangboligselskap.no\/wp-content\/uploads\/2019\/04\/IMG_20190403_092125-300x225.jpg 300w, https:\/\/www.folkvangboligselskap.no\/wp-content\/uploads\/2019\/04\/IMG_20190403_092125-768x576.jpg 768w, https:\/\/www.folkvangboligselskap.no\/wp-content\/uploads\/2019\/04\/IMG_20190403_092125-1024x768.jpg 1024w, https:\/\/www.folkvangboligselskap.no\/wp-content\/uploads\/2019\/04\/IMG_20190403_092125-400x300.jpg 400w\" sizes=\"auto, (max-width: 267px) 100vw, 267px\" \/><\/a><\/p>\n<p>Ved sp\u00f8rsm\u00e5l kan du sende epost til <a href=\"mailto:folkvangboligselskap@gmail.com\">folkvangboligselskap@gmail.com<\/a><br \/>eller ringe <strong>920 88 655.<\/strong><\/p>\n<ol>\n<li><strong><em>Betaling m\u00e5 v\u00e6re gjennomf\u00f8rt f\u00f8r man f\u00e5r tilgang.\u00a0<\/em><\/strong><\/li>\n<li><strong><em>Send mobilnummerne til de som skal ha tilgang til 920 88 655, du\/dere vil da f\u00e5 tilsendt digital n\u00f8kkel til \u00e5 komme inn i oppgangen til gjesteleiligheten. + koden til n\u00f8kkelboksen i kjeller ved siden av sikringsskap.<\/em><\/strong><\/li>\n<li><strong><em>For \u00e5 komme inn i oppgangen med digital n\u00f8kkel m\u00e5 du st\u00e5 ved hovedinngang hvor callinganlegget er i Grefsenveien 5A. <br \/><br \/>Her kan du laste ned app for elektronisk n\u00f8kkel:<br \/><br \/><img decoding=\"async\" src=\"http:\/\/www.folkvangboligselskap.no\/wp-content\/uploads\/2026\/01\/Skjermbilde-2026-01-27-135749.jpg\" alt=\"Dette bildet mangler alt-tekst; dets filnavn er Skjermbilde-2026-01-27-135749.jpg\" \/><br \/><a href=\"https:\/\/apps.apple.com\/no\/app\/unloc\/id1361534440\">Unloc for iphone<\/a><br \/><a href=\"https:\/\/play.google.com\/store\/apps\/details?id=ai.unloc.unloc&amp;pcampaignid=web_share\">Unloc for Android<\/a><br \/><\/em><\/strong><\/li>\n<\/ol>\n<p><strong>REGLER FOR UTL\u00c5N OG BRUK AV GJESTELEILIGHET I GREFSENVEIEN 5 A:<\/strong><\/p>\n<p>1.<br \/>Bare beboere i borettslaget kan st\u00e5 som ansvarlige leietaker av gjesteleiligheten, men de kan leie ut til venner og familie.<\/p>\n<p>2.<br \/>&#8211; Innsjekk:<br \/>Du kan begynne \u00e5 bruke boligen du har leid fra <strong>klokken 14:00<\/strong> p\u00e5 dagen du har booket.<br \/>&#8211; Utsjekk:<br \/>Du m\u00e5 v\u00e6re ferdig og forlate boligen innen <strong>klokken 14:00<\/strong> dagen etter at leieperioden er over.<\/p>\n<p>3.<br \/>Leietaker m\u00e5 selv holde laken, putevar, dynetrekk og h\u00e5ndkl\u00e6r, etc.<\/p>\n<p>4.<br \/>R\u00f8yking er ikke tillatt.<\/p>\n<p>5.<br \/>Leietaker er ansvarlig for at leiligheten er ryddet og rengjort ved fraflyttingen, og at n\u00f8kler tilbakeleveres n\u00f8kkelskap.<\/p>\n<p>&#8211; Dusjsluket skal renses og s\u00f8ppeldunker skal t\u00f8mmes.<\/p>\n<p>&#8211; T\u00f8m og t\u00f8rk av kj\u00f8leskap<\/p>\n<p>&#8211; Kj\u00f8kkenutstyr vaskes og settes tilbake i skapene<\/p>\n<p>6.<br \/>Leietaker er \u00f8konomisk ansvarlig for eventuelle skader p\u00e5 leiligheten, inventar og utstyr, eller annet brudd p\u00e5 avtalen.<\/p>\n<p>7.<br \/>Husordensreglene gjelder for leiligheten. <strong>Det skal v\u00e6re ro etter kl. 23.<\/strong><\/p>\n<p>8.<br \/>Overtredelse av ovenst\u00e5ende regler eller annet mislighold vil kunne f\u00f8re til krav om erstatning og at rett til senere leie bortfaller.<\/p>\n<p>Inventarliste:<\/p>\n<p>4 puter og 4 dyner<\/p>\n<p>1 dobbeltseng med overmadrass og madrassbeskytter<\/p>\n<p>1 sovesofa<\/p>\n<p>1 lite salongbord<\/p>\n<p>Bord<\/p>\n<p>4 telysholdere og 2 lyslykter<\/p>\n<p>6 frokosttallerkener<\/p>\n<p>6 middagstallerkener<\/p>\n<p>6 dype tallerkener<\/p>\n<p>6 krus<\/p>\n<p>24 glass<\/p>\n<p>6 vinglass<\/p>\n<p>Bestikk til 6 personer \u2013 kniver, gafler, skjeer, teskjeer<\/p>\n<p>Osteh\u00f8vel<\/p>\n<p>Potetskreller<\/p>\n<p>Korketrekker, boks\u00e5pner, flaske\u00e5pner<\/p>\n<p>4 kj\u00f8kkenkniver<\/p>\n<p>Visp og slikkekpott<\/p>\n<p>Stekespade, \u00f8se, hull\u00f8se, stekepinsett<\/p>\n<p>3 gryter med lokk<\/p>\n<p>1 stekepanne 1 ildfast form<\/p>\n<p>3 Avfallsorteringsspann:<\/p>\n<p>&#8211; matavfall \u2013 gr\u00f8nn pose,<\/p>\n<p>&#8211; plastavfall bl\u00e5 pose,<\/p>\n<p>&#8211; restavfall &#8211; handlepose<\/p>\n\n\n<p><br><\/p>\n\n\n\n<p><br><\/p>\n\n\n\n<p><a href=\"https:\/\/apps.apple.com\/no\/app\/unloc\/id1361534440\"><\/a><\/p>\n","protected":false},"excerpt":{"rendered":"<p>Velkommen til \u00e5 leie gjesteleiligheten for aksjon\u00e6rene i Folkvang Boligselskap AS Booking av gjeste leiligheten Litt informasjon om leiligheten: Leiligheten har soveplass til fire personer.Dobbelseng p\u00e5 soverom og sovesofa i stuen. Ved sp\u00f8rsm\u00e5l kan du sende epost til folkvangboligselskap@gmail.comeller ringe &hellip; <a href=\"https:\/\/www.folkvangboligselskap.no\/?page_id=852\">Les videre <span class=\"meta-nav\">&rarr;<\/span><\/a><\/p>\n","protected":false},"author":104,"featured_media":0,"parent":6,"menu_order":0,"comment_status":"closed","ping_status":"closed","template":"sidebar-page.php","meta":{"_monsterinsights_skip_tracking":false,"_monsterinsights_sitenote_active":false,"_monsterinsights_sitenote_note":"","_monsterinsights_sitenote_category":0,"footnotes":""},"class_list":["post-852","page","type-page","status-publish","hentry"],"_links":{"self":[{"href":"https:\/\/www.folkvangboligselskap.no\/index.php?rest_route=\/wp\/v2\/pages\/852","targetHints":{"allow":["GET"]}}],"collection":[{"href":"https:\/\/www.folkvangboligselskap.no\/index.php?rest_route=\/wp\/v2\/pages"}],"about":[{"href":"https:\/\/www.folkvangboligselskap.no\/index.php?rest_route=\/wp\/v2\/types\/page"}],"author":[{"embeddable":true,"href":"https:\/\/www.folkvangboligselskap.no\/index.php?rest_route=\/wp\/v2\/users\/104"}],"replies":[{"embeddable":true,"href":"https:\/\/www.folkvangboligselskap.no\/index.php?rest_route=%2Fwp%2Fv2%2Fcomments&post=852"}],"version-history":[{"count":90,"href":"https:\/\/www.folkvangboligselskap.no\/index.php?rest_route=\/wp\/v2\/pages\/852\/revisions"}],"predecessor-version":[{"id":2723,"href":"https:\/\/www.folkvangboligselskap.no\/index.php?rest_route=\/wp\/v2\/pages\/852\/revisions\/2723"}],"up":[{"embeddable":true,"href":"https:\/\/www.folkvangboligselskap.no\/index.php?rest_route=\/wp\/v2\/pages\/6"}],"wp:attachment":[{"href":"https:\/\/www.folkvangboligselskap.no\/index.php?rest_route=%2Fwp%2Fv2%2Fmedia&parent=852"}],"curies":[{"name":"wp","href":"https:\/\/api.w.org\/{rel}","templated":true}]}}