{"id":814,"date":"2018-11-13T20:30:31","date_gmt":"2018-11-13T19:30:31","guid":{"rendered":"http:\/\/www.folkvangboligselskap.no\/?page_id=814"},"modified":"2022-01-19T16:30:57","modified_gmt":"2022-01-19T15:30:57","slug":"hms","status":"publish","type":"page","link":"https:\/\/www.folkvangboligselskap.no\/?page_id=814","title":{"rendered":"HMS"},"content":{"rendered":"<p><a href=\"https:\/\/docs.google.com\/forms\/d\/e\/1FAIpQLSfYmMlOKBLX6Aj5p8883j4dG-lK6oiXOaqvoK_pqu9dB4Mfog\/viewform\"><img loading=\"lazy\" decoding=\"async\" class=\"alignnone size-medium wp-image-818\" src=\"http:\/\/www.folkvangboligselskap.no\/wp-content\/uploads\/2018\/11\/HMS-300x192.jpg\" alt=\"\" width=\"300\" height=\"192\" srcset=\"https:\/\/www.folkvangboligselskap.no\/wp-content\/uploads\/2018\/11\/HMS-300x192.jpg 300w, https:\/\/www.folkvangboligselskap.no\/wp-content\/uploads\/2018\/11\/HMS-469x300.jpg 469w, https:\/\/www.folkvangboligselskap.no\/wp-content\/uploads\/2018\/11\/HMS.jpg 625w\" sizes=\"auto, (max-width: 300px) 100vw, 300px\" \/><\/a><\/p>\n<p>Som ett ledd i HMS arbeidet i Folkvang Boligselskap AS \u00f8nsker vi at alle aksjon\u00e6rer fyller ut internkontrollskjema for boenhetene.<\/p>\n<p>Det er viktig i arbeidet med jobben for helse milj\u00f8 og sikkerheten!<\/p>\n<p><a href=\"https:\/\/docs.google.com\/forms\/d\/e\/1FAIpQLSfYmMlOKBLX6Aj5p8883j4dG-lK6oiXOaqvoK_pqu9dB4Mfog\/viewform\">Internkontrollskjema<\/a> finner du her.<\/p>\n","protected":false},"excerpt":{"rendered":"<p>Som ett ledd i HMS arbeidet i Folkvang Boligselskap AS \u00f8nsker vi at alle aksjon\u00e6rer fyller ut internkontrollskjema for boenhetene. Det er viktig i arbeidet med jobben for helse milj\u00f8 og sikkerheten! Internkontrollskjema finner du her.<\/p>\n","protected":false},"author":104,"featured_media":0,"parent":6,"menu_order":0,"comment_status":"closed","ping_status":"closed","template":"sidebar-page.php","meta":{"_monsterinsights_skip_tracking":false,"_monsterinsights_sitenote_active":false,"_monsterinsights_sitenote_note":"","_monsterinsights_sitenote_category":0,"footnotes":""},"class_list":["post-814","page","type-page","status-publish","hentry"],"_links":{"self":[{"href":"https:\/\/www.folkvangboligselskap.no\/index.php?rest_route=\/wp\/v2\/pages\/814","targetHints":{"allow":["GET"]}}],"collection":[{"href":"https:\/\/www.folkvangboligselskap.no\/index.php?rest_route=\/wp\/v2\/pages"}],"about":[{"href":"https:\/\/www.folkvangboligselskap.no\/index.php?rest_route=\/wp\/v2\/types\/page"}],"author":[{"embeddable":true,"href":"https:\/\/www.folkvangboligselskap.no\/index.php?rest_route=\/wp\/v2\/users\/104"}],"replies":[{"embeddable":true,"href":"https:\/\/www.folkvangboligselskap.no\/index.php?rest_route=%2Fwp%2Fv2%2Fcomments&post=814"}],"version-history":[{"count":3,"href":"https:\/\/www.folkvangboligselskap.no\/index.php?rest_route=\/wp\/v2\/pages\/814\/revisions"}],"predecessor-version":[{"id":1936,"href":"https:\/\/www.folkvangboligselskap.no\/index.php?rest_route=\/wp\/v2\/pages\/814\/revisions\/1936"}],"up":[{"embeddable":true,"href":"https:\/\/www.folkvangboligselskap.no\/index.php?rest_route=\/wp\/v2\/pages\/6"}],"wp:attachment":[{"href":"https:\/\/www.folkvangboligselskap.no\/index.php?rest_route=%2Fwp%2Fv2%2Fmedia&parent=814"}],"curies":[{"name":"wp","href":"https:\/\/api.w.org\/{rel}","templated":true}]}}