{"id":79,"date":"2011-11-29T15:02:45","date_gmt":"2011-11-29T14:02:45","guid":{"rendered":"http:\/\/www2.folkvangboligselskap.no\/?page_id=79"},"modified":"2012-04-24T21:01:55","modified_gmt":"2012-04-24T20:01:55","slug":"hjem","status":"publish","type":"page","link":"https:\/\/www.folkvangboligselskap.no\/?page_id=79","title":{"rendered":"Om Folkvang"},"content":{"rendered":"<p>Folkvang Boligselskap AS<\/p>\n<p>Velkommen til v\u00e5re nettsider. Her vil du finne de fleste opplyninger om Folkvang Boligselskap. M\u00e5let med nettsiden er at vi skal f\u00e5 en bedre dialog med v\u00e5re beboere, samt gj\u00f8re informasjonsflyten og hverdagen litt enklere.<\/p>\n<p>V\u00e5res boligselskap har hele 283 leiligheter, noe som gj\u00f8r at vi kan v\u00e6re stolte av \u00e5 v\u00e6re det st\u00f8rste boligselskapet i Oslo \u2013 under samme tak. Vi har tre store bakg\u00e5rder til fri bruk for alle v\u00e5re beboere. Noe som innbyr til b\u00e5de sosialisering, grilling, soling, barnelek, sn\u00f8ballkasting og hyggelige stunder.<\/p>\n<p>Noen har v\u00e6rt i boligselskapet i mange \u00e5r, og andre har kommet til nylig. Uansett er vi en hyggelig gjeng, som alle gj\u00f8r v\u00e5rt beste for \u00e5 skape en god stemning og atmosf\u00e6re. V\u00e5r egen vaktmester er ogs\u00e5 en god bidragsyter til dette. V\u00e5res felles m\u00e5l er at alle skal trives i Folkvang Boligselskap.<\/p>\n<p>&nbsp;<\/p>\n","protected":false},"excerpt":{"rendered":"<p>Folkvang Boligselskap AS Velkommen til v\u00e5re nettsider. Her vil du finne de fleste opplyninger om Folkvang Boligselskap. M\u00e5let med nettsiden er at vi skal f\u00e5 en bedre dialog med v\u00e5re beboere, samt gj\u00f8re informasjonsflyten og hverdagen litt enklere. V\u00e5res boligselskap &hellip; <a href=\"https:\/\/www.folkvangboligselskap.no\/?page_id=79\">Les videre <span class=\"meta-nav\">&rarr;<\/span><\/a><\/p>\n","protected":false},"author":1,"featured_media":0,"parent":0,"menu_order":0,"comment_status":"closed","ping_status":"open","template":"sidebar-page.php","meta":{"_monsterinsights_skip_tracking":false,"_monsterinsights_sitenote_active":false,"_monsterinsights_sitenote_note":"","_monsterinsights_sitenote_category":0,"footnotes":""},"class_list":["post-79","page","type-page","status-publish","hentry"],"_links":{"self":[{"href":"https:\/\/www.folkvangboligselskap.no\/index.php?rest_route=\/wp\/v2\/pages\/79","targetHints":{"allow":["GET"]}}],"collection":[{"href":"https:\/\/www.folkvangboligselskap.no\/index.php?rest_route=\/wp\/v2\/pages"}],"about":[{"href":"https:\/\/www.folkvangboligselskap.no\/index.php?rest_route=\/wp\/v2\/types\/page"}],"author":[{"embeddable":true,"href":"https:\/\/www.folkvangboligselskap.no\/index.php?rest_route=\/wp\/v2\/users\/1"}],"replies":[{"embeddable":true,"href":"https:\/\/www.folkvangboligselskap.no\/index.php?rest_route=%2Fwp%2Fv2%2Fcomments&post=79"}],"version-history":[{"count":8,"href":"https:\/\/www.folkvangboligselskap.no\/index.php?rest_route=\/wp\/v2\/pages\/79\/revisions"}],"predecessor-version":[{"id":89,"href":"https:\/\/www.folkvangboligselskap.no\/index.php?rest_route=\/wp\/v2\/pages\/79\/revisions\/89"}],"wp:attachment":[{"href":"https:\/\/www.folkvangboligselskap.no\/index.php?rest_route=%2Fwp%2Fv2%2Fmedia&parent=79"}],"curies":[{"name":"wp","href":"https:\/\/api.w.org\/{rel}","templated":true}]}}