{"id":763,"date":"2018-09-10T13:14:31","date_gmt":"2018-09-10T12:14:31","guid":{"rendered":"http:\/\/www.folkvangboligselskap.no\/?page_id=763"},"modified":"2024-07-26T15:50:04","modified_gmt":"2024-07-26T14:50:04","slug":"navn-til-callingen","status":"publish","type":"page","link":"https:\/\/www.folkvangboligselskap.no\/?page_id=763","title":{"rendered":"Navn p\u00e5 callingen\/postkasse"},"content":{"rendered":"<p><img loading=\"lazy\" decoding=\"async\" class=\"alignnone size-full wp-image-764\" src=\"http:\/\/www.folkvangboligselskap.no\/wp-content\/uploads\/2018\/09\/GT-Audio.jpg\" alt=\"\" width=\"218\" height=\"231\" \/><br \/>\n<span style=\"color: #000000;\">Nytt navn p\u00e5 din calling kan du bestille her.<\/span><span style=\"color: #000000;\"><br \/>\n<a href=\"https:\/\/docs.google.com\/forms\/d\/e\/1FAIpQLScR17mBzuZYtiKIdhnJR2tVNHDhHvzrxYH0SJt4zNBrHnFAdQ\/viewform\">Navn p\u00e5 callingen<\/a><\/span><\/p>\n<p>Her kan du bestille navn til din postkasse!<br \/>\n<a href=\"https:\/\/docs.google.com\/forms\/d\/e\/1FAIpQLSfAsDgwBkL2WIGuTmBaqJspsRapkimnSZGk4u4JI42lRnqkPw\/viewform\">Navn til postkassa<\/a><\/p>\n<div class=\"entry-content\">\n<p>Vi har f\u00e5tt nye flotte postkasser til alle beboerne.<br \/>\nPostkassene er levert av Industri Produkter.<br \/>\nDet er fint om du benytter deg av denne tjenesten slik at postkassene ser fine ut med navn etikketter som er like.<\/p>\n<p>Du vill etter kort tid f\u00e5 navn montert gratis med navn-etikett p\u00e5 din postkasse.<\/p>\n<p>Mvh<br \/>\nVaktmester`n<\/p>\n<\/div>\n","protected":false},"excerpt":{"rendered":"<p>Nytt navn p\u00e5 din calling kan du bestille her. Navn p\u00e5 callingen Her kan du bestille navn til din postkasse! Navn til postkassa Vi har f\u00e5tt nye flotte postkasser til alle beboerne. Postkassene er levert av Industri Produkter. Det er &hellip; <a href=\"https:\/\/www.folkvangboligselskap.no\/?page_id=763\">Les videre <span class=\"meta-nav\">&rarr;<\/span><\/a><\/p>\n","protected":false},"author":104,"featured_media":0,"parent":8,"menu_order":0,"comment_status":"closed","ping_status":"closed","template":"sidebar-page.php","meta":{"_monsterinsights_skip_tracking":false,"_monsterinsights_sitenote_active":false,"_monsterinsights_sitenote_note":"","_monsterinsights_sitenote_category":0,"footnotes":""},"class_list":["post-763","page","type-page","status-publish","hentry"],"_links":{"self":[{"href":"https:\/\/www.folkvangboligselskap.no\/index.php?rest_route=\/wp\/v2\/pages\/763","targetHints":{"allow":["GET"]}}],"collection":[{"href":"https:\/\/www.folkvangboligselskap.no\/index.php?rest_route=\/wp\/v2\/pages"}],"about":[{"href":"https:\/\/www.folkvangboligselskap.no\/index.php?rest_route=\/wp\/v2\/types\/page"}],"author":[{"embeddable":true,"href":"https:\/\/www.folkvangboligselskap.no\/index.php?rest_route=\/wp\/v2\/users\/104"}],"replies":[{"embeddable":true,"href":"https:\/\/www.folkvangboligselskap.no\/index.php?rest_route=%2Fwp%2Fv2%2Fcomments&post=763"}],"version-history":[{"count":10,"href":"https:\/\/www.folkvangboligselskap.no\/index.php?rest_route=\/wp\/v2\/pages\/763\/revisions"}],"predecessor-version":[{"id":2365,"href":"https:\/\/www.folkvangboligselskap.no\/index.php?rest_route=\/wp\/v2\/pages\/763\/revisions\/2365"}],"up":[{"embeddable":true,"href":"https:\/\/www.folkvangboligselskap.no\/index.php?rest_route=\/wp\/v2\/pages\/8"}],"wp:attachment":[{"href":"https:\/\/www.folkvangboligselskap.no\/index.php?rest_route=%2Fwp%2Fv2%2Fmedia&parent=763"}],"curies":[{"name":"wp","href":"https:\/\/api.w.org\/{rel}","templated":true}]}}