{"id":659,"date":"2018-07-09T18:36:40","date_gmt":"2018-07-09T17:36:40","guid":{"rendered":"http:\/\/www.folkvangboligselskap.no\/?page_id=659"},"modified":"2023-12-08T09:03:04","modified_gmt":"2023-12-08T08:03:04","slug":"nokler","status":"publish","type":"page","link":"https:\/\/www.folkvangboligselskap.no\/?page_id=659","title":{"rendered":"N\u00f8kler"},"content":{"rendered":"<p style=\"text-align: left;\"><b>System n\u00f8kler\u00a0bestilles gjennom vaktmester.<br \/>\n<\/b>N\u00f8kkel til hovedd\u00f8ra i oppgangen og inn kjellerd\u00f8ra er\u00a0<b>system n\u00f8kler.<\/b><br \/>\nOppgi navn, adresse, og leilighets nummer (<strong>mellom 1 og 286<\/strong>)<br \/>\nPris pr. system n\u00f8kkel ligger p\u00e5 Kr. 650,-<\/p>\n<h1 style=\"text-align: left;\"><a href=\"https:\/\/docs.google.com\/forms\/d\/e\/1FAIpQLSebZyinxvmGNRMXSLtCU1QTcwIZG637XZLAF3-WNuC8sJe-lQ\/viewform\"><img loading=\"lazy\" decoding=\"async\" class=\"alignnone wp-image-638\" src=\"http:\/\/www.folkvangboligselskap.no\/wp-content\/uploads\/2018\/07\/n\u00f8kkel.jpg\" alt=\"\" width=\"160\" height=\"82\" \/><br \/>\n<\/a><span style=\"color: #000080;\"><a style=\"color: #000080;\" href=\"https:\/\/docs.google.com\/forms\/d\/e\/1FAIpQLSebZyinxvmGNRMXSLtCU1QTcwIZG637XZLAF3-WNuC8sJe-lQ\/viewform\">Klikk p\u00e5 bilde av n\u00f8kkel for bestilling.<\/a><\/span><\/h1>\n<p style=\"text-align: left;\">Du f\u00e5r hentet ut din bestilling hos Acces L\u00e5sspessialisten i Grefsenveien 9b.<\/p>\n<p style=\"text-align: left;\"><b>Disse n\u00f8klene kan du kopiere selv.<br \/>\n<\/b>N\u00e5r det gjelder n\u00f8kler til leilighets d\u00f8ra, eventuelt sikkerhetsl\u00e5s samt n\u00f8kkel til postkassa, s\u00e5 er dette n\u00f8kler man kan f\u00e5 kopiert selv.<br \/>\nN\u00e6rmeste er Acces L\u00e5sspessialisten i Grefsenveien 9b.<\/p>\n<p><strong>*D<\/strong>et er lurt og ha en reserve n\u00f8kkel til postkassa om man skulle miste den eneste n\u00f8kkelen man har. Det kan fort bli dyrt med l\u00e5sesmed og ny l\u00e5s!<\/p>\n<p><strong>*E<\/strong>t tips er \u00e5 f\u00e5 ny l\u00e5sesylinder, eller\u00a0 <i>f\u00e5 bygget den om<\/i> (billigere alternativ) i forbindelse med at man overtar ny leilighet, eller man har mistet n\u00f8kler.<\/p>\n<p style=\"text-align: left;\">Mvh<br \/>\nVaktmester<br \/>\nMichal Hamran<\/p>\n","protected":false},"excerpt":{"rendered":"<p>System n\u00f8kler\u00a0bestilles gjennom vaktmester. N\u00f8kkel til hovedd\u00f8ra i oppgangen og inn kjellerd\u00f8ra er\u00a0system n\u00f8kler. Oppgi navn, adresse, og leilighets nummer (mellom 1 og 286) Pris pr. system n\u00f8kkel ligger p\u00e5 Kr. 650,- Klikk p\u00e5 bilde av n\u00f8kkel for bestilling. Du &hellip; <a href=\"https:\/\/www.folkvangboligselskap.no\/?page_id=659\">Les videre <span class=\"meta-nav\">&rarr;<\/span><\/a><\/p>\n","protected":false},"author":104,"featured_media":0,"parent":8,"menu_order":0,"comment_status":"closed","ping_status":"closed","template":"showcase.php","meta":{"_monsterinsights_skip_tracking":false,"_monsterinsights_sitenote_active":false,"_monsterinsights_sitenote_note":"","_monsterinsights_sitenote_category":0,"footnotes":""},"class_list":["post-659","page","type-page","status-publish","hentry"],"_links":{"self":[{"href":"https:\/\/www.folkvangboligselskap.no\/index.php?rest_route=\/wp\/v2\/pages\/659","targetHints":{"allow":["GET"]}}],"collection":[{"href":"https:\/\/www.folkvangboligselskap.no\/index.php?rest_route=\/wp\/v2\/pages"}],"about":[{"href":"https:\/\/www.folkvangboligselskap.no\/index.php?rest_route=\/wp\/v2\/types\/page"}],"author":[{"embeddable":true,"href":"https:\/\/www.folkvangboligselskap.no\/index.php?rest_route=\/wp\/v2\/users\/104"}],"replies":[{"embeddable":true,"href":"https:\/\/www.folkvangboligselskap.no\/index.php?rest_route=%2Fwp%2Fv2%2Fcomments&post=659"}],"version-history":[{"count":15,"href":"https:\/\/www.folkvangboligselskap.no\/index.php?rest_route=\/wp\/v2\/pages\/659\/revisions"}],"predecessor-version":[{"id":2269,"href":"https:\/\/www.folkvangboligselskap.no\/index.php?rest_route=\/wp\/v2\/pages\/659\/revisions\/2269"}],"up":[{"embeddable":true,"href":"https:\/\/www.folkvangboligselskap.no\/index.php?rest_route=\/wp\/v2\/pages\/8"}],"wp:attachment":[{"href":"https:\/\/www.folkvangboligselskap.no\/index.php?rest_route=%2Fwp%2Fv2%2Fmedia&parent=659"}],"curies":[{"name":"wp","href":"https:\/\/api.w.org\/{rel}","templated":true}]}}