{"id":6,"date":"2011-11-29T14:40:29","date_gmt":"2011-11-29T13:40:29","guid":{"rendered":"http:\/\/www2.folkvangboligselskap.no\/?page_id=6"},"modified":"2021-11-04T13:12:53","modified_gmt":"2021-11-04T12:12:53","slug":"informasjon","status":"publish","type":"page","link":"https:\/\/www.folkvangboligselskap.no\/?page_id=6","title":{"rendered":"Informasjon"},"content":{"rendered":"<p>Informasjon om Folkvang Boligselskap<\/p>\n<p>Folkvang Boligselskap AS er et veldrevet boligselskap med 283 boenheter og&nbsp;2 n\u00e6ringslokaler p\u00e5 Sandaker i Oslo. Vi jobber sammen for \u00e5 holde bygning og fellesomr\u00e5der i god stand. Dette for at det skal v\u00e6re hyggelig og godt for alle som bor, jobber og kommer p\u00e5 bes\u00f8k til oss her i Folkvang.<\/p>\n<p>Styret og vaktmester ber derfor alle beboere og alle som vurderer \u00e5 kj\u00f8pe seg leilighet i Folkvang til \u00e5 sette seg inn i \u201d<a href=\"http:\/\/www.folkvangboligselskap.no\/wp-content\/uploads\/2011\/11\/359-vedtekter.pdf\" target=\"_blank\" rel=\"noopener noreferrer\">Vedtekter<\/a>\u201d, \u201d<a href=\"http:\/\/www.folkvangboligselskap.no\/wp-content\/uploads\/2011\/11\/230.pdf\">Husordensregler<\/a>\u201d og \u201d<a href=\"http:\/\/www.folkvangboligselskap.no\/wp-content\/uploads\/2011\/11\/retningslinjer-oppussing-heftet.pdf\" target=\"_blank\" rel=\"noopener noreferrer\">Retningslinjer for oppussing og vedlikehold<\/a>\u201d.<\/p>\n<hr>\n<p><em>Beboere har plikt til \u00e5 melde fra til vaktmester eller styret ved mangler og skader.&nbsp;<\/em><\/p>\n<hr>\n<p>Takk for at alle bidrar til \u00e5 gj\u00f8re Folkvang til et av de beste stedene \u00e5 bo i Oslo.<\/p>\n","protected":false},"excerpt":{"rendered":"<p>Informasjon om Folkvang Boligselskap Folkvang Boligselskap AS er et veldrevet boligselskap med 283 boenheter og&nbsp;2 n\u00e6ringslokaler p\u00e5 Sandaker i Oslo. Vi jobber sammen for \u00e5 holde bygning og fellesomr\u00e5der i god stand. Dette for at det skal v\u00e6re hyggelig og &hellip; <a href=\"https:\/\/www.folkvangboligselskap.no\/?page_id=6\">Les videre <span class=\"meta-nav\">&rarr;<\/span><\/a><\/p>\n","protected":false},"author":1,"featured_media":0,"parent":0,"menu_order":0,"comment_status":"open","ping_status":"open","template":"sidebar-page.php","meta":{"_monsterinsights_skip_tracking":false,"_monsterinsights_sitenote_active":false,"_monsterinsights_sitenote_note":"","_monsterinsights_sitenote_category":0,"footnotes":""},"class_list":["post-6","page","type-page","status-publish","hentry"],"_links":{"self":[{"href":"https:\/\/www.folkvangboligselskap.no\/index.php?rest_route=\/wp\/v2\/pages\/6","targetHints":{"allow":["GET"]}}],"collection":[{"href":"https:\/\/www.folkvangboligselskap.no\/index.php?rest_route=\/wp\/v2\/pages"}],"about":[{"href":"https:\/\/www.folkvangboligselskap.no\/index.php?rest_route=\/wp\/v2\/types\/page"}],"author":[{"embeddable":true,"href":"https:\/\/www.folkvangboligselskap.no\/index.php?rest_route=\/wp\/v2\/users\/1"}],"replies":[{"embeddable":true,"href":"https:\/\/www.folkvangboligselskap.no\/index.php?rest_route=%2Fwp%2Fv2%2Fcomments&post=6"}],"version-history":[{"count":9,"href":"https:\/\/www.folkvangboligselskap.no\/index.php?rest_route=\/wp\/v2\/pages\/6\/revisions"}],"predecessor-version":[{"id":1885,"href":"https:\/\/www.folkvangboligselskap.no\/index.php?rest_route=\/wp\/v2\/pages\/6\/revisions\/1885"}],"wp:attachment":[{"href":"https:\/\/www.folkvangboligselskap.no\/index.php?rest_route=%2Fwp%2Fv2%2Fmedia&parent=6"}],"curies":[{"name":"wp","href":"https:\/\/api.w.org\/{rel}","templated":true}]}}