{"id":519,"date":"2017-07-18T19:59:42","date_gmt":"2017-07-18T18:59:42","guid":{"rendered":"http:\/\/www.folkvangboligselskap.no\/?page_id=519"},"modified":"2020-01-20T10:43:06","modified_gmt":"2020-01-20T09:43:06","slug":"vinduer","status":"publish","type":"page","link":"https:\/\/www.folkvangboligselskap.no\/?page_id=519","title":{"rendered":"Vinduer"},"content":{"rendered":"<p><strong>R\u00f8mningspost<\/strong><\/p>\n<ul>\n<li><a href=\"http:\/\/www.folkvangboligselskap.no\/wp-content\/uploads\/2017\/07\/Bruksanvisning_Romningsvindu_romningspost.pdf\">Bruksanvisning_Romningsvindu_romningspost<\/a><\/li>\n<\/ul>\n<p><b>FDV dokumentasjon<\/b><\/p>\n<ul>\n<li><a href=\"http:\/\/www.folkvangboligselskap.no\/wp-content\/uploads\/2017\/07\/FDV_H-vinduet_balkongdor.pdf\">FDV_H-vinduet_balkongdor<\/a><\/li>\n<li><a href=\"http:\/\/www.folkvangboligselskap.no\/wp-content\/uploads\/2017\/07\/FDV_H-vinduet_sidesving.pdf\">FDV_H-vinduet_sidesving<\/a><\/li>\n<li><a href=\"http:\/\/www.folkvangboligselskap.no\/wp-content\/uploads\/2017\/07\/FDV_H-vinduet_side-topphengslet.pdf\">FDV_H-vinduet_side-topphengslet<\/a><\/li>\n<li><a href=\"http:\/\/www.folkvangboligselskap.no\/wp-content\/uploads\/2017\/07\/FDV_H-vinduet_toppsving_rev17062015.pdf\">FDV_H-vinduet_toppsving_rev17062015<\/a><\/li>\n<\/ul>\n\n\n<p><strong>Sm\u00f8ring og vedlikehold<\/strong><br><br>Les i gjennom hva du som beboer m\u00e5 gj\u00f8re for \u00e5 ta vare p\u00e5 funksjonaliteten p\u00e5 vinduene. <br>Legg spesielt merke til sm\u00f8re-punkter n\u00e5r vinduene ikke lar seg \u00e5pne eller lukke som de skal!<br>Om det er skruer som l\u00f8sner m\u00e5 disse etterstrammes! <br><br>Alle beslag leveres ferdig smurt og overflatebehandlet. Bruk, st\u00f8v og skitt som naturlig kommer etter en tids bruk, gj\u00f8r imidlertid at det vil v\u00e6re behov for litt ettersyn. Det gj\u00f8res oppmerksom p\u00e5 at bruk av silikonspray ikke anbefales da silikon p\u00e5 treverket ikke vil gi vedheft for maling. Hengselarmer \u00c5pne rammen slik at den st\u00e5r rett ut, og drypp deretter et par dr\u00e5per olje mellom armene og karmfestene samt mellom armene og rammefestene. Sving deretter rammen fra side til side inntil snuoperasjonen f\u00f8les lett. Topprammebeslag med glider og glideskinne \u00c5pne rammen slik at den st\u00e5r rett ut, og sprut deretter et par dr\u00e5per olje ved glideren i toppen s\u00e5 dypt inn i skinnen som mulig. I tillegg m\u00e5 det sm\u00f8res mellom bevegelige deler. Sving deretter rammen helt rundt og tilbake inntil snuoperasjonen f\u00f8les lett. Det er ogs\u00e5 viktig at man ved overflatebehandling av vinduet unng\u00e5r at beis, maling og lignende kommer inn i glideskinnen Lagerenhet og aluminiumsskinne I nederste rammehj\u00f8rne er det festet et beslag med lagerhus og kulelager. Ved vanlig bruk skal det ikke v\u00e6re n\u00f8dvendig med noe sm\u00f8ring av disse komponentene. Fjerning av maling og st\u00f8v p\u00e5 flatene til skinne i aluminium og hjul, vil sikre god bevegelighet.   FDV H-vinduet\u00ae sidesving Liller\u00f8nning Snekkerifabrikk AS \u00a9 Rev. 1 08.04.2014 Med forbehold om trykkfeil Side 4 Barnesikring Ofte vil metallet etter en tid bli vasket fritt for fett, og det kan legge seg et st\u00f8vlag som gj\u00f8r at sikringen ikke oppn\u00e5r sin funksjon. Det m\u00e5 sm\u00f8res m\u00f8res mellom alle bevegelige deler p\u00e5 undersiden av rammen og p\u00e5 fj\u00e6r for \u00e5 sikre god funksjon p\u00e5 sikringen. Sikringsarmen vris frem og tilbake og sving deretter rammen fra side til side inntil bevegelsene glir lett. Man kan med fordel ogs\u00e5 dryppe litt olje p\u00e5 flaten p\u00e5 sikringssluttstykket, der hvor haken p\u00e5 selve sikringsarmen treffer, slik at man unng\u00e5r un\u00f8dvendig oppbremsing og slitasje under lukking av vinduet. L\u00e5ssystem Hvis vinduene er levert med espagnolettskinne og ettgreps vrider, kan det v\u00e6re behov for \u00e5 sm\u00f8re l\u00e5skassen og l\u00e5sreilene. Spray litt olje inn i hullene i st\u00e5lskinnen ved l\u00e5sreilene og i sm\u00f8rehull ved l\u00e5skassen (ved vrideren). Det kan med fordel sm\u00f8res litt syrefri vaselin p\u00e5 endene av l\u00e5sereilene. Vinduet blir da lettere \u00e5 lukke. Vri vrideren flere ganger for \u00e5 fordele oljen.  <\/p>\n","protected":false},"excerpt":{"rendered":"<p>R\u00f8mningspost Bruksanvisning_Romningsvindu_romningspost FDV dokumentasjon FDV_H-vinduet_balkongdor FDV_H-vinduet_sidesving FDV_H-vinduet_side-topphengslet FDV_H-vinduet_toppsving_rev17062015 Sm\u00f8ring og vedlikehold Les i gjennom hva du som beboer m\u00e5 gj\u00f8re for \u00e5 ta vare p\u00e5 funksjonaliteten p\u00e5 vinduene. Legg spesielt merke til sm\u00f8re-punkter n\u00e5r vinduene ikke lar seg \u00e5pne eller &hellip; <a href=\"https:\/\/www.folkvangboligselskap.no\/?page_id=519\">Les videre <span class=\"meta-nav\">&rarr;<\/span><\/a><\/p>\n","protected":false},"author":1,"featured_media":0,"parent":6,"menu_order":0,"comment_status":"closed","ping_status":"closed","template":"","meta":{"_monsterinsights_skip_tracking":false,"_monsterinsights_sitenote_active":false,"_monsterinsights_sitenote_note":"","_monsterinsights_sitenote_category":0,"footnotes":""},"class_list":["post-519","page","type-page","status-publish","hentry"],"_links":{"self":[{"href":"https:\/\/www.folkvangboligselskap.no\/index.php?rest_route=\/wp\/v2\/pages\/519","targetHints":{"allow":["GET"]}}],"collection":[{"href":"https:\/\/www.folkvangboligselskap.no\/index.php?rest_route=\/wp\/v2\/pages"}],"about":[{"href":"https:\/\/www.folkvangboligselskap.no\/index.php?rest_route=\/wp\/v2\/types\/page"}],"author":[{"embeddable":true,"href":"https:\/\/www.folkvangboligselskap.no\/index.php?rest_route=\/wp\/v2\/users\/1"}],"replies":[{"embeddable":true,"href":"https:\/\/www.folkvangboligselskap.no\/index.php?rest_route=%2Fwp%2Fv2%2Fcomments&post=519"}],"version-history":[{"count":10,"href":"https:\/\/www.folkvangboligselskap.no\/index.php?rest_route=\/wp\/v2\/pages\/519\/revisions"}],"predecessor-version":[{"id":1382,"href":"https:\/\/www.folkvangboligselskap.no\/index.php?rest_route=\/wp\/v2\/pages\/519\/revisions\/1382"}],"up":[{"embeddable":true,"href":"https:\/\/www.folkvangboligselskap.no\/index.php?rest_route=\/wp\/v2\/pages\/6"}],"wp:attachment":[{"href":"https:\/\/www.folkvangboligselskap.no\/index.php?rest_route=%2Fwp%2Fv2%2Fmedia&parent=519"}],"curies":[{"name":"wp","href":"https:\/\/api.w.org\/{rel}","templated":true}]}}