{"id":43,"date":"2011-11-29T14:52:04","date_gmt":"2011-11-29T13:52:04","guid":{"rendered":"http:\/\/www2.folkvangboligselskap.no\/?page_id=43"},"modified":"2020-01-17T09:25:08","modified_gmt":"2020-01-17T08:25:08","slug":"informasjon","status":"publish","type":"page","link":"https:\/\/www.folkvangboligselskap.no\/?page_id=43","title":{"rendered":"Informasjon"},"content":{"rendered":"<p>Informasjon til ny beboer<\/p>\n<p>Husleie<br \/>\nFakturaer for husleie blir sendt ut to ganger i \u00e5ret. Det er \u00e9n faktura pr. m\u00e5ned. Vi anbefaller alle \u00e5 betale innen betalingsfristen, slik at dere kan bidra til god felles\u00f8konomi. Ved sen betaling blir det belastet et purregebyr p\u00e5 kr. 50,-.<\/p>\n<p>Fakturasp\u00f8rsm\u00e5l<strong><br \/>\n<\/strong>For fakturasp\u00f8rsm\u00e5l ta kontakt med Enquist Eiendomsdrift AS<br \/>\nTelefon: 22809595<br \/>\nFaks: 22809596<br \/>\nE-post:\u00a0<a href=\"mailto:post@enqvist.no\">post@enqvist.no<\/a><\/p>\n<p>For mer informasjon om boligselskapet, se\u00a0<a href=\"http:\/\/www.folkvangboligselskap.no\/?page_id=6\">her<\/a>.<\/p>\n","protected":false},"excerpt":{"rendered":"<p>Informasjon til ny beboer Husleie Fakturaer for husleie blir sendt ut to ganger i \u00e5ret. Det er \u00e9n faktura pr. m\u00e5ned. Vi anbefaller alle \u00e5 betale innen betalingsfristen, slik at dere kan bidra til god felles\u00f8konomi. Ved sen betaling blir &hellip; <a href=\"https:\/\/www.folkvangboligselskap.no\/?page_id=43\">Les videre <span class=\"meta-nav\">&rarr;<\/span><\/a><\/p>\n","protected":false},"author":1,"featured_media":0,"parent":10,"menu_order":0,"comment_status":"open","ping_status":"open","template":"sidebar-page.php","meta":{"_monsterinsights_skip_tracking":false,"_monsterinsights_sitenote_active":false,"_monsterinsights_sitenote_note":"","_monsterinsights_sitenote_category":0,"footnotes":""},"class_list":["post-43","page","type-page","status-publish","hentry"],"_links":{"self":[{"href":"https:\/\/www.folkvangboligselskap.no\/index.php?rest_route=\/wp\/v2\/pages\/43","targetHints":{"allow":["GET"]}}],"collection":[{"href":"https:\/\/www.folkvangboligselskap.no\/index.php?rest_route=\/wp\/v2\/pages"}],"about":[{"href":"https:\/\/www.folkvangboligselskap.no\/index.php?rest_route=\/wp\/v2\/types\/page"}],"author":[{"embeddable":true,"href":"https:\/\/www.folkvangboligselskap.no\/index.php?rest_route=\/wp\/v2\/users\/1"}],"replies":[{"embeddable":true,"href":"https:\/\/www.folkvangboligselskap.no\/index.php?rest_route=%2Fwp%2Fv2%2Fcomments&post=43"}],"version-history":[{"count":5,"href":"https:\/\/www.folkvangboligselskap.no\/index.php?rest_route=\/wp\/v2\/pages\/43\/revisions"}],"predecessor-version":[{"id":1373,"href":"https:\/\/www.folkvangboligselskap.no\/index.php?rest_route=\/wp\/v2\/pages\/43\/revisions\/1373"}],"up":[{"embeddable":true,"href":"https:\/\/www.folkvangboligselskap.no\/index.php?rest_route=\/wp\/v2\/pages\/10"}],"wp:attachment":[{"href":"https:\/\/www.folkvangboligselskap.no\/index.php?rest_route=%2Fwp%2Fv2%2Fmedia&parent=43"}],"curies":[{"name":"wp","href":"https:\/\/api.w.org\/{rel}","templated":true}]}}