{"id":41,"date":"2011-11-29T14:51:39","date_gmt":"2011-11-29T13:51:39","guid":{"rendered":"http:\/\/www2.folkvangboligselskap.no\/?page_id=41"},"modified":"2016-06-17T10:54:33","modified_gmt":"2016-06-17T09:54:33","slug":"husk","status":"publish","type":"page","link":"https:\/\/www.folkvangboligselskap.no\/?page_id=41","title":{"rendered":"Husk"},"content":{"rendered":"<p>Husk<\/p>\n<p>Dette m\u00e5 du huske p\u00e5 som ny beboer:<br \/>\nSom ny beboer \u00f8nsker du kanskje \u00e5 pusse opp litt i leiligheten. Husk \u00e5 sette opp nabovarsel i oppgangen din om du kommer til \u00e5 st\u00f8ye under oppussingen. Husk \u00e5 f\u00f8lge rotiden for st\u00f8yende vedlikeholdsarbeid \/ oppussing, mandag til fredag mellom 22.00 og 06.00 og l\u00f8rdag, s\u00f8ndag og h\u00f8ytids\/helligdager mellom 19.00 og 10.00.<\/p>\n<p>Skal du ha innflyttingsfest, er det fint \u00e5 henge opp et nabovarsel om dette ogs\u00e5. Inviter gjerne dine nye naboer til \u00e5 stikke innom en tur! \ud83d\ude42<\/p>\n<p>Biler og andre kj\u00f8ret\u00f8y skal ikke parkeres p\u00e5 g\u00e5rdsplassen eller p\u00e5 gresset langs Hans Nielsen Hauges gate. For av og p\u00e5lasting er det greit \u00e5 st\u00e5 p\u00e5 g\u00e5rdsplassen, men parker aldri bilen p\u00e5 gresset.<\/p>\n<p>Vi h\u00e5per du vil trives som beboer i Folkvang Boligselskap!<\/p>\n","protected":false},"excerpt":{"rendered":"<p>Husk Dette m\u00e5 du huske p\u00e5 som ny beboer: Som ny beboer \u00f8nsker du kanskje \u00e5 pusse opp litt i leiligheten. Husk \u00e5 sette opp nabovarsel i oppgangen din om du kommer til \u00e5 st\u00f8ye under oppussingen. Husk \u00e5 f\u00f8lge &hellip; <a href=\"https:\/\/www.folkvangboligselskap.no\/?page_id=41\">Les videre <span class=\"meta-nav\">&rarr;<\/span><\/a><\/p>\n","protected":false},"author":1,"featured_media":0,"parent":10,"menu_order":0,"comment_status":"open","ping_status":"open","template":"sidebar-page.php","meta":{"_monsterinsights_skip_tracking":false,"_monsterinsights_sitenote_active":false,"_monsterinsights_sitenote_note":"","_monsterinsights_sitenote_category":0,"footnotes":""},"class_list":["post-41","page","type-page","status-publish","hentry"],"_links":{"self":[{"href":"https:\/\/www.folkvangboligselskap.no\/index.php?rest_route=\/wp\/v2\/pages\/41","targetHints":{"allow":["GET"]}}],"collection":[{"href":"https:\/\/www.folkvangboligselskap.no\/index.php?rest_route=\/wp\/v2\/pages"}],"about":[{"href":"https:\/\/www.folkvangboligselskap.no\/index.php?rest_route=\/wp\/v2\/types\/page"}],"author":[{"embeddable":true,"href":"https:\/\/www.folkvangboligselskap.no\/index.php?rest_route=\/wp\/v2\/users\/1"}],"replies":[{"embeddable":true,"href":"https:\/\/www.folkvangboligselskap.no\/index.php?rest_route=%2Fwp%2Fv2%2Fcomments&post=41"}],"version-history":[{"count":4,"href":"https:\/\/www.folkvangboligselskap.no\/index.php?rest_route=\/wp\/v2\/pages\/41\/revisions"}],"predecessor-version":[{"id":360,"href":"https:\/\/www.folkvangboligselskap.no\/index.php?rest_route=\/wp\/v2\/pages\/41\/revisions\/360"}],"up":[{"embeddable":true,"href":"https:\/\/www.folkvangboligselskap.no\/index.php?rest_route=\/wp\/v2\/pages\/10"}],"wp:attachment":[{"href":"https:\/\/www.folkvangboligselskap.no\/index.php?rest_route=%2Fwp%2Fv2%2Fmedia&parent=41"}],"curies":[{"name":"wp","href":"https:\/\/api.w.org\/{rel}","templated":true}]}}