{"id":38,"date":"2011-11-29T14:51:05","date_gmt":"2011-11-29T13:51:05","guid":{"rendered":"http:\/\/www2.folkvangboligselskap.no\/?page_id=38"},"modified":"2012-04-24T20:51:04","modified_gmt":"2012-04-24T19:51:04","slug":"rad-borettslag","status":"publish","type":"page","link":"https:\/\/www.folkvangboligselskap.no\/?page_id=38","title":{"rendered":"R\u00e5d boligselskap"},"content":{"rendered":"<p>R\u00e5d boligselskapet<\/p>\n<p>Beboere har plikt til \u00e5 melde fra til vaktmester eller styret ved mangler og skader.<br \/>\nFyring: Etter hvert vil alle f\u00e5 nye radiatorer med termostat. Dette er fint, for da reduseres kostnaden for boligselskapet. Det er ogs\u00e5 viktig at hver enkelt tar hensyn til hvordan man fyrer. Det kan f.eks. v\u00e6re lurt \u00e5 lufte med det vinduet som er i lengst avstand til selve termostaten. Det kan over tid oppst\u00e5 luft i systemet, da kan du lufte radiatoren ved \u00e5 skru opp lufteventilen \u2013 men husk \u00e5 sette en kopp under. Det kommer vann.<br \/>\nTypisk for boligselskapet: Vi er glade og tar hensyn til alle rundt oss. Og har vanlig folkeskikk. Slik blir alle forn\u00f8yde.<br \/>\nSer du s\u00f8ppel p\u00e5 bakken, ta den opp da vel &#8211; og kast den. S\u00e5 blir det litt hyggeligere for oss alle.<br \/>\nIkke kast sneiper p\u00e5 bakken, da dette er forbudt i hele Oslo, og dessuten lite pent \u00e5 se p\u00e5 for oss alle.<br \/>\nBakg\u00e5rdsvett: vi har tre flotte bakg\u00e5rder som vi alle m\u00e5 ta ansvar for \u00e5 i vare ta. Dette gjelder s\u00e5 vel s\u00f8ppelkastning, grillmat opprydding, st\u00f8y og generelt det \u00e5 ivareta. Helt enkelt: bruk bakg\u00e5rden som om den var din egen. Du vil jo ikke \u00f8delegge dine egne ting, vil du vel?<\/p>\n","protected":false},"excerpt":{"rendered":"<p>R\u00e5d boligselskapet Beboere har plikt til \u00e5 melde fra til vaktmester eller styret ved mangler og skader. Fyring: Etter hvert vil alle f\u00e5 nye radiatorer med termostat. Dette er fint, for da reduseres kostnaden for boligselskapet. Det er ogs\u00e5 viktig &hellip; <a href=\"https:\/\/www.folkvangboligselskap.no\/?page_id=38\">Les videre <span class=\"meta-nav\">&rarr;<\/span><\/a><\/p>\n","protected":false},"author":1,"featured_media":0,"parent":8,"menu_order":0,"comment_status":"open","ping_status":"open","template":"sidebar-page.php","meta":{"_monsterinsights_skip_tracking":false,"_monsterinsights_sitenote_active":false,"_monsterinsights_sitenote_note":"","_monsterinsights_sitenote_category":0,"footnotes":""},"class_list":["post-38","page","type-page","status-publish","hentry"],"_links":{"self":[{"href":"https:\/\/www.folkvangboligselskap.no\/index.php?rest_route=\/wp\/v2\/pages\/38","targetHints":{"allow":["GET"]}}],"collection":[{"href":"https:\/\/www.folkvangboligselskap.no\/index.php?rest_route=\/wp\/v2\/pages"}],"about":[{"href":"https:\/\/www.folkvangboligselskap.no\/index.php?rest_route=\/wp\/v2\/types\/page"}],"author":[{"embeddable":true,"href":"https:\/\/www.folkvangboligselskap.no\/index.php?rest_route=\/wp\/v2\/users\/1"}],"replies":[{"embeddable":true,"href":"https:\/\/www.folkvangboligselskap.no\/index.php?rest_route=%2Fwp%2Fv2%2Fcomments&post=38"}],"version-history":[{"count":3,"href":"https:\/\/www.folkvangboligselskap.no\/index.php?rest_route=\/wp\/v2\/pages\/38\/revisions"}],"predecessor-version":[{"id":122,"href":"https:\/\/www.folkvangboligselskap.no\/index.php?rest_route=\/wp\/v2\/pages\/38\/revisions\/122"}],"up":[{"embeddable":true,"href":"https:\/\/www.folkvangboligselskap.no\/index.php?rest_route=\/wp\/v2\/pages\/8"}],"wp:attachment":[{"href":"https:\/\/www.folkvangboligselskap.no\/index.php?rest_route=%2Fwp%2Fv2%2Fmedia&parent=38"}],"curies":[{"name":"wp","href":"https:\/\/api.w.org\/{rel}","templated":true}]}}