{"id":366,"date":"2016-06-21T12:51:31","date_gmt":"2016-06-21T11:51:31","guid":{"rendered":"http:\/\/www.folkvangboligselskap.no\/?page_id=366"},"modified":"2026-02-06T20:59:51","modified_gmt":"2026-02-06T19:59:51","slug":"dyrehold","status":"publish","type":"page","link":"https:\/\/www.folkvangboligselskap.no\/?page_id=366","title":{"rendered":"Kj\u00e6ledyr"},"content":{"rendered":"<p>1.2 Husdyrhold<\/p>\n<p>Beboere kan eie 1. hund eller 1. innekatt, s\u00e5 lenge det ikke er en st\u00f8ybelastning, ulempe eller sjenanse for andre beboere.<\/p>\n\n\n<p>Folkvang \u00f8nsker \u00e5 samle inn informasjon om hvilken type husdyr du har hjemme hos deg.<br>Dette hjelper oss for \u00e5 kunne redde alle v\u00e5re firbeinte venner i en evakuerings situasjon.  <br>Her kan du fylle inn informasjon du har: <br><br><\/p>\n\n\n\n<figure class=\"wp-block-image\"><img decoding=\"async\" src=\"https:\/\/th.bing.com\/th\/id\/OIP.Gs0QHa6olVdwNoUVc7DlvAHaGy?w=180&amp;h=180&amp;c=7&amp;r=0&amp;o=7&amp;cb=defcache2&amp;pid=1.7&amp;rm=3&amp;defcache=1\" alt=\"Bilderesultat for Hund og katt\"\/><\/figure>\n\n\n\n<p><a href=\"https:\/\/docs.google.com\/forms\/d\/e\/1FAIpQLSchVXbenwiW12GGiCS5av7vv8fE3GBDIxet0FK5qi5qNvynwQ\/viewform\">Registrering av dyrehold her <\/a><\/p>\n\n\n\n<p><br><\/p>\n","protected":false},"excerpt":{"rendered":"<p>1.2 Husdyrhold Beboere kan eie 1. hund eller 1. innekatt, s\u00e5 lenge det ikke er en st\u00f8ybelastning, ulempe eller sjenanse for andre beboere. Folkvang \u00f8nsker \u00e5 samle inn informasjon om hvilken type husdyr du har hjemme hos deg.Dette hjelper oss &hellip; <a href=\"https:\/\/www.folkvangboligselskap.no\/?page_id=366\">Les videre <span class=\"meta-nav\">&rarr;<\/span><\/a><\/p>\n","protected":false},"author":1,"featured_media":0,"parent":6,"menu_order":0,"comment_status":"closed","ping_status":"closed","template":"","meta":{"_monsterinsights_skip_tracking":false,"_monsterinsights_sitenote_active":false,"_monsterinsights_sitenote_note":"","_monsterinsights_sitenote_category":0,"footnotes":""},"class_list":["post-366","page","type-page","status-publish","hentry"],"_links":{"self":[{"href":"https:\/\/www.folkvangboligselskap.no\/index.php?rest_route=\/wp\/v2\/pages\/366","targetHints":{"allow":["GET"]}}],"collection":[{"href":"https:\/\/www.folkvangboligselskap.no\/index.php?rest_route=\/wp\/v2\/pages"}],"about":[{"href":"https:\/\/www.folkvangboligselskap.no\/index.php?rest_route=\/wp\/v2\/types\/page"}],"author":[{"embeddable":true,"href":"https:\/\/www.folkvangboligselskap.no\/index.php?rest_route=\/wp\/v2\/users\/1"}],"replies":[{"embeddable":true,"href":"https:\/\/www.folkvangboligselskap.no\/index.php?rest_route=%2Fwp%2Fv2%2Fcomments&post=366"}],"version-history":[{"count":15,"href":"https:\/\/www.folkvangboligselskap.no\/index.php?rest_route=\/wp\/v2\/pages\/366\/revisions"}],"predecessor-version":[{"id":2855,"href":"https:\/\/www.folkvangboligselskap.no\/index.php?rest_route=\/wp\/v2\/pages\/366\/revisions\/2855"}],"up":[{"embeddable":true,"href":"https:\/\/www.folkvangboligselskap.no\/index.php?rest_route=\/wp\/v2\/pages\/6"}],"wp:attachment":[{"href":"https:\/\/www.folkvangboligselskap.no\/index.php?rest_route=%2Fwp%2Fv2%2Fmedia&parent=366"}],"curies":[{"name":"wp","href":"https:\/\/api.w.org\/{rel}","templated":true}]}}