{"id":22,"date":"2011-11-29T14:49:09","date_gmt":"2011-11-29T13:49:09","guid":{"rendered":"http:\/\/www2.folkvangboligselskap.no\/?page_id=22"},"modified":"2025-10-30T13:43:01","modified_gmt":"2025-10-30T12:43:01","slug":"soppel-og-avfall","status":"publish","type":"page","link":"https:\/\/www.folkvangboligselskap.no\/?page_id=22","title":{"rendered":"S\u00f8ppel og avfall"},"content":{"rendered":"<p><strong>S\u00f8ppel og avfall<\/strong><\/p>\n<p>S\u00f8ppelrom<br \/>\nS\u00f8ppelrommet befinner seg innerst i den midtre hagen. Det er papirsortering i Oslo, og de innerste dunkene er til papp\/papir. Det er viktig at pappesker er pakket flate slik at det er plass til mest mulig i dunkene. Papir hentes mandager.<\/p>\n<p>I restavfallsdunkene skal vanlig s\u00f8ppel kastes, dvs. husholdningsavfall. Knytt igjen s\u00f8ppelposene f\u00f8r de kastes i dunkene for \u00e5 minimere s\u00f8l og lukt. Restavfall hentes 3 ganger i uken, mandag, onsdag og fredag.<\/p>\n<p><em>Ikke kast avfall etter oppussing, spesialavfall som farlig avfall, bildekk, impregnert tre, elektrisk avfall, o.l i s\u00f8pplerommet, dette skal leveres p\u00e5 spesialmottak.<\/em><\/p>\n<p><strong>Container<\/strong><br \/>\nFire ganger i \u00e5ret bestiller Folkvang inn container til annet s\u00f8ppel. Heller ikke her skal det kastes spesialavfall, dette m\u00e5 leveres inn til egnet sted for dette (bensinstasjon med milj\u00f8stasjon for spesialavfall eller kommunens milj\u00f8stasjon).to ganger i \u00e5ret bestiller vi en ekstra container for elektrisk avfall.<\/p>\n<p>Det er viktig at det ikke kastes spesialavfall i containeren da Folkvang blir fakturert pr ukurant enhet som er kastet i containeren og dette prises etter st\u00f8rrelse og type. Dette er pr dags dato en stor ekstrakostnad for Folkvang. Det er viktig at vi er bevisste p\u00e5 hva som kastes og hvor det kastes.<\/p>\n<p><strong>Grill- og matrester<\/strong><br \/>\nM\u00e5 kastes i s\u00f8ppelrommet. Dette kan ikke ligge ute p\u00e5 fellesarealer, da det er fare for fugler og rotter. Rydd opp etter deg &#8211; kast ogs\u00e5 engangsgrillen n\u00e5r den har kj\u00f8lnet.<\/p>\n<p><strong>Farlig Avfall<br \/>\n<a href=\"http:\/\/www.folkvangboligselskap.no\/wp-content\/uploads\/2019\/10\/Farlig-avfall-2.jpg\"><img loading=\"lazy\" decoding=\"async\" class=\"alignnone size-medium wp-image-1214\" src=\"http:\/\/www.folkvangboligselskap.no\/wp-content\/uploads\/2019\/10\/Farlig-avfall-2-300x209.jpg\" alt=\"\" width=\"300\" height=\"209\" srcset=\"https:\/\/www.folkvangboligselskap.no\/wp-content\/uploads\/2019\/10\/Farlig-avfall-2-300x209.jpg 300w, https:\/\/www.folkvangboligselskap.no\/wp-content\/uploads\/2019\/10\/Farlig-avfall-2.jpg 400w\" sizes=\"auto, (max-width: 300px) 100vw, 300px\" \/><\/a><br \/>\n<\/strong><\/p>\n<p>Farlig avfall (maling, lim, olje, kjemikalier, batterier, asbest etc.)<br \/>\nTrykkimpregnert og kreosot behandlet treverk og dekk.<br \/>\nSlike ting m\u00e5 beboer selv s\u00f8rge for \u00e5 levere til gjenbruksstasjon!<br \/>\n<a href=\"https:\/\/www.oslo.kommune.no\/avfall-og-gjenvinning\/alle-gjenbruksstasjoner\/bentsehjornet-minigjenbruksstasjon\/#gref\">Bentsehj\u00f8rnet minigjenbruksstasjon<\/a> er n\u00e6rmeste plass.<\/p>\n<p>Her finner du informasjon om n\u00e5r neste container <a href=\"http:\/\/www.folkvangboligselskap.no\/?page_id=1217\">kommer\u00a0<\/a><\/p>\n","protected":false},"excerpt":{"rendered":"<p>S\u00f8ppel og avfall S\u00f8ppelrom S\u00f8ppelrommet befinner seg innerst i den midtre hagen. Det er papirsortering i Oslo, og de innerste dunkene er til papp\/papir. Det er viktig at pappesker er pakket flate slik at det er plass til mest mulig &hellip; <a href=\"https:\/\/www.folkvangboligselskap.no\/?page_id=22\">Les videre <span class=\"meta-nav\">&rarr;<\/span><\/a><\/p>\n","protected":false},"author":1,"featured_media":0,"parent":6,"menu_order":0,"comment_status":"open","ping_status":"open","template":"sidebar-page.php","meta":{"_monsterinsights_skip_tracking":false,"_monsterinsights_sitenote_active":false,"_monsterinsights_sitenote_note":"","_monsterinsights_sitenote_category":0,"footnotes":""},"class_list":["post-22","page","type-page","status-publish","hentry"],"_links":{"self":[{"href":"https:\/\/www.folkvangboligselskap.no\/index.php?rest_route=\/wp\/v2\/pages\/22","targetHints":{"allow":["GET"]}}],"collection":[{"href":"https:\/\/www.folkvangboligselskap.no\/index.php?rest_route=\/wp\/v2\/pages"}],"about":[{"href":"https:\/\/www.folkvangboligselskap.no\/index.php?rest_route=\/wp\/v2\/types\/page"}],"author":[{"embeddable":true,"href":"https:\/\/www.folkvangboligselskap.no\/index.php?rest_route=\/wp\/v2\/users\/1"}],"replies":[{"embeddable":true,"href":"https:\/\/www.folkvangboligselskap.no\/index.php?rest_route=%2Fwp%2Fv2%2Fcomments&post=22"}],"version-history":[{"count":6,"href":"https:\/\/www.folkvangboligselskap.no\/index.php?rest_route=\/wp\/v2\/pages\/22\/revisions"}],"predecessor-version":[{"id":2604,"href":"https:\/\/www.folkvangboligselskap.no\/index.php?rest_route=\/wp\/v2\/pages\/22\/revisions\/2604"}],"up":[{"embeddable":true,"href":"https:\/\/www.folkvangboligselskap.no\/index.php?rest_route=\/wp\/v2\/pages\/6"}],"wp:attachment":[{"href":"https:\/\/www.folkvangboligselskap.no\/index.php?rest_route=%2Fwp%2Fv2%2Fmedia&parent=22"}],"curies":[{"name":"wp","href":"https:\/\/api.w.org\/{rel}","templated":true}]}}