{"id":206,"date":"2013-08-02T08:48:20","date_gmt":"2013-08-02T07:48:20","guid":{"rendered":"http:\/\/www.folkvangboligselskap.no\/?page_id=206"},"modified":"2021-02-01T09:10:18","modified_gmt":"2021-02-01T08:10:18","slug":"barnevognskur","status":"publish","type":"page","link":"https:\/\/www.folkvangboligselskap.no\/?page_id=206","title":{"rendered":"Barnevognskur"},"content":{"rendered":"\n<figure class=\"wp-block-image\"><img loading=\"lazy\" decoding=\"async\" width=\"1024\" height=\"471\" src=\"http:\/\/www.folkvangboligselskap.no\/wp-content\/uploads\/2021\/01\/Barnevognskur-vest-1024x471.jpg\" alt=\"\" class=\"wp-image-1743\" srcset=\"https:\/\/www.folkvangboligselskap.no\/wp-content\/uploads\/2021\/01\/Barnevognskur-vest-1024x471.jpg 1024w, https:\/\/www.folkvangboligselskap.no\/wp-content\/uploads\/2021\/01\/Barnevognskur-vest-300x138.jpg 300w, https:\/\/www.folkvangboligselskap.no\/wp-content\/uploads\/2021\/01\/Barnevognskur-vest-768x353.jpg 768w, https:\/\/www.folkvangboligselskap.no\/wp-content\/uploads\/2021\/01\/Barnevognskur-vest-500x230.jpg 500w\" sizes=\"auto, (max-width: 1024px) 100vw, 1024px\" \/><\/figure>\n\n\n<p><strong><a href=\"https:\/\/docs.google.com\/forms\/d\/e\/1FAIpQLScRgi9HGfx1y_8ZHPEWaWDGBf9z4FVvFKldoZR7oDzIWeU_KA\/viewform\">Her kan du bestille plass.<\/a><\/strong><\/p>\n<p><a href=\"https:\/\/docs.google.com\/forms\/d\/e\/1FAIpQLScRgi9HGfx1y_8ZHPEWaWDGBf9z4FVvFKldoZR7oDzIWeU_KA\/viewform\"><img loading=\"lazy\" decoding=\"async\" class=\"alignnone wp-image-765\" src=\"http:\/\/www.folkvangboligselskap.no\/wp-content\/uploads\/2018\/09\/Bestille-300x86.png\" alt=\"\" width=\"147\" height=\"42\" \/><\/a><br \/><br \/>Folkvang har 2 barnevognskur som kan l\u00e5nes av beboerne for plassering av barnevogn. Etter generalforsamling 2013 ble det forbudt \u00e5 plassere barnevogner i oppgangene, og p\u00e5 grunn av dette s\u00e5 m\u00e5 barnevogner n\u00e5 enten plasseres i egen leilighet\/bod eller i barnevognskur.<\/p>\n<p>Beboerne kan l\u00e5ne plass i barnevognskur p\u00e5 \u00e5rsbasis (1-2 \u00e5r). <br \/>Det er elektronisk l\u00e5sing p\u00e5 d\u00f8rene, og kun de med tilgang til hvert enkelt skur kan derfor komme inn.\u00a0<\/p>\n<p>Det er mulighet \u00e5 ha flere n\u00f8kler per leieforhold\/leilighet, men det er kun tillatt \u00e5 plassere barnevogn tilh\u00f8rende denne leiligheten i barnevognskuret.<\/p>\n<p>\u00a0<\/p>","protected":false},"excerpt":{"rendered":"<p>Her kan du bestille plass. Folkvang har 2 barnevognskur som kan l\u00e5nes av beboerne for plassering av barnevogn. Etter generalforsamling 2013 ble det forbudt \u00e5 plassere barnevogner i oppgangene, og p\u00e5 grunn av dette s\u00e5 m\u00e5 barnevogner n\u00e5 enten plasseres &hellip; <a href=\"https:\/\/www.folkvangboligselskap.no\/?page_id=206\">Les videre <span class=\"meta-nav\">&rarr;<\/span><\/a><\/p>\n","protected":false},"author":104,"featured_media":0,"parent":6,"menu_order":0,"comment_status":"closed","ping_status":"open","template":"","meta":{"_monsterinsights_skip_tracking":false,"_monsterinsights_sitenote_active":false,"_monsterinsights_sitenote_note":"","_monsterinsights_sitenote_category":0,"footnotes":""},"class_list":["post-206","page","type-page","status-publish","hentry"],"_links":{"self":[{"href":"https:\/\/www.folkvangboligselskap.no\/index.php?rest_route=\/wp\/v2\/pages\/206","targetHints":{"allow":["GET"]}}],"collection":[{"href":"https:\/\/www.folkvangboligselskap.no\/index.php?rest_route=\/wp\/v2\/pages"}],"about":[{"href":"https:\/\/www.folkvangboligselskap.no\/index.php?rest_route=\/wp\/v2\/types\/page"}],"author":[{"embeddable":true,"href":"https:\/\/www.folkvangboligselskap.no\/index.php?rest_route=\/wp\/v2\/users\/104"}],"replies":[{"embeddable":true,"href":"https:\/\/www.folkvangboligselskap.no\/index.php?rest_route=%2Fwp%2Fv2%2Fcomments&post=206"}],"version-history":[{"count":12,"href":"https:\/\/www.folkvangboligselskap.no\/index.php?rest_route=\/wp\/v2\/pages\/206\/revisions"}],"predecessor-version":[{"id":1754,"href":"https:\/\/www.folkvangboligselskap.no\/index.php?rest_route=\/wp\/v2\/pages\/206\/revisions\/1754"}],"up":[{"embeddable":true,"href":"https:\/\/www.folkvangboligselskap.no\/index.php?rest_route=\/wp\/v2\/pages\/6"}],"wp:attachment":[{"href":"https:\/\/www.folkvangboligselskap.no\/index.php?rest_route=%2Fwp%2Fv2%2Fmedia&parent=206"}],"curies":[{"name":"wp","href":"https:\/\/api.w.org\/{rel}","templated":true}]}}