{"id":2053,"date":"2022-08-18T18:07:26","date_gmt":"2022-08-18T17:07:26","guid":{"rendered":"http:\/\/www.folkvangboligselskap.no\/?page_id=2053"},"modified":"2025-01-31T10:07:30","modified_gmt":"2025-01-31T09:07:30","slug":"megler-info","status":"publish","type":"page","link":"https:\/\/www.folkvangboligselskap.no\/?page_id=2053","title":{"rendered":"Megler info"},"content":{"rendered":"\n<figure class=\"wp-block-image\"><img loading=\"lazy\" decoding=\"async\" width=\"605\" height=\"302\" src=\"http:\/\/www.folkvangboligselskap.no\/wp-content\/uploads\/2022\/08\/Salg.png\" alt=\"\" class=\"wp-image-2059\" srcset=\"https:\/\/www.folkvangboligselskap.no\/wp-content\/uploads\/2022\/08\/Salg.png 605w, https:\/\/www.folkvangboligselskap.no\/wp-content\/uploads\/2022\/08\/Salg-300x150.png 300w, https:\/\/www.folkvangboligselskap.no\/wp-content\/uploads\/2022\/08\/Salg-500x250.png 500w\" sizes=\"auto, (max-width: 605px) 100vw, 605px\" \/><\/figure>\n\n\n\n<p>Da det har v\u00e6rt stor ettersp\u00f8rsel etter opplysninger i forbindelse med egenmeldingskjema ved salg, har vi lagt ut noen opplysninger som kan v\u00e6re til hjelp. Ved oppussing av leilighet er det viktig \u00e5 ha lest gjennom <a href=\"http:\/\/www.folkvangboligselskap.no\/?page_id=28\"><strong>dette!<\/strong><\/a><br>Siden er under utvikling og vil bli oppdatert med forbedringer n\u00e5r vi har det p\u00e5 plass \ud83d\ude42<\/p>\n\n\n\n<p><strong>Elektrisk anlegg<\/strong><br>Hva gj\u00f8r jeg med str\u00f8mmen ved <a href=\"https:\/\/www.elvia.no\/mitt-elvia\/flytting\/\">flytting\/innflytting?<\/a><br>Inne i leiligheten skal det st\u00e5 oppf\u00f8rt kursfortegnelsen inne i sikringsskapet fra hvilket \u00e5r installasjonen har blitt utf\u00f8rt og av hvem.<br> For eventuell samsvarserkl\u00e6ring kan sikkert firma som har st\u00e5tt for jobben hjelpe med dette.<br> <br> <strong>Varmtvannsbereder<\/strong><br> Finnes i fyrrom.<br> Felles varmtvann leveres ut derifra.<br> Berederne er fra 2019<br> <strong><br> Varmesentralen<br> <\/strong>Oppgradert i 2019 med bergvarme.<br> Oljetanker finnes da Folkvang har spesial avtale da vi kan fyre med   oljefyring ved omprioritering av kraft. (Dette styres fra Elvia.)<br> Tankene er ikke gravd ned, men befinner seg i lukket rom hvor n\u00f8dvendig          vedlikehold kan utf\u00f8res.<br> Bioolje er ikke ett krav for oss.<br> <br> <strong>Ventilasjonsanlegg<br> <\/strong>Ventilasjonsanlegget er fra<strong> <\/strong>byggets opprinnelse 1933.<br> Men ble inspisert og renset av ventilasjonsfirma i 2021<br> Her kan du f\u00e5 mer informasjon og bestille<a href=\"http:\/\/www.folkvangboligselskap.no\/?page_id=1785\"> ventilasjonsrapport<\/a> for din  leilighet.<br> <br> <strong>Vinduer\/balkongd\u00f8r<\/strong><br><a href=\"http:\/\/www.folkvangboligselskap.no\/?page_id=519\">Info finner du her.<\/a><br><a href=\"http:\/\/www.folkvangboligselskap.no\/?page_id=1246\">Vedlikehold av vinduer<\/a><\/p>\n\n\n\n<p><strong>Yttervegger<\/strong><br> Etterisolert med 10 cm isolasjon og sement behandlet styrofoamplater.<br> \u00c5rstall ca. 80 tallet<\/p>\n\n\n\n<p><strong>Soilr\u00f8r \/ avl\u00f8psr\u00f8r<\/strong><br>R\u00f8rfornying utf\u00f8rt av Proline i 2012 <br>Forventet levetid p\u00e5 30 \u00c5r.  <br>Innvendig r\u00f8rfornyelse av 132 vertikale r\u00f8rstammer \u00d8110 og 286 grenr\u00f8r mot wc\/bad og kj\u00f8kken.   <br>Alt med glassarmert Polyester type Jotun Baltoflake Ecolife- Proline (Styrenfri), fra loft og ned til renseluker i kjeller. <br>Innvendig r\u00f8rfornying av 1096 m bunnledning og 148 gren. &nbsp;&nbsp;<\/p>\n\n\n\n<p><strong>Forsikring&nbsp;  <\/strong><br>Folkvang Boligselskap AS er forsikret i Gjensidige Forsikring ASA <br>V\u00e5rt forsikringsnummer er: 81666967 <\/p>\n\n\n\n<p>HUSK ALLE SKADESAKER MELDES VIA\nSTYRET ELLER VAKTMESTER.<\/p>\n\n\n\n<p>Vi har fullverdiforsikring p\u00e5 alle\nbygg med Gjensidiges Heldekning \u2013 som dekker plutselige og uforutsette\nskadehendelser.<\/p>\n\n\n\n<ul class=\"wp-block-list\"><li>Brannskader<\/li><li>Vannskader<\/li><li>Innbrudd <\/li><li>Maskinskade p\u00e5 bygningens driftsmaskineri<\/li><li>Styreansvar<\/li><li>Rettshjelp<\/li><li>Dugnadsulykke<\/li><li>Kriminalitet\/underslag<\/li><li>Skadedyrforsikring (Egenandel kr 5 000,-)<\/li><\/ul>\n\n\n\n<p>Standard egenandel er kr.10.000,- <br>Bygningsglass i boenhet egenandel kr.2.000,- <\/p>\n\n\n\n<p>V\u00e6r oppmerksomme p\u00e5 at forsikringen ikke dekker skader som skyldes manglende vedlikehold! <br>Ved skade p\u00e5 innboet deres m\u00e5 eget forsikringsselskap ogs\u00e5 kontaktes. <br><br><\/p>\n","protected":false},"excerpt":{"rendered":"<p>Da det har v\u00e6rt stor ettersp\u00f8rsel etter opplysninger i forbindelse med egenmeldingskjema ved salg, har vi lagt ut noen opplysninger som kan v\u00e6re til hjelp. Ved oppussing av leilighet er det viktig \u00e5 ha lest gjennom dette!Siden er under utvikling &hellip; <a href=\"https:\/\/www.folkvangboligselskap.no\/?page_id=2053\">Les videre <span class=\"meta-nav\">&rarr;<\/span><\/a><\/p>\n","protected":false},"author":104,"featured_media":0,"parent":6,"menu_order":0,"comment_status":"closed","ping_status":"closed","template":"sidebar-page.php","meta":{"_monsterinsights_skip_tracking":false,"_monsterinsights_sitenote_active":false,"_monsterinsights_sitenote_note":"","_monsterinsights_sitenote_category":0,"footnotes":""},"class_list":["post-2053","page","type-page","status-publish","hentry"],"_links":{"self":[{"href":"https:\/\/www.folkvangboligselskap.no\/index.php?rest_route=\/wp\/v2\/pages\/2053","targetHints":{"allow":["GET"]}}],"collection":[{"href":"https:\/\/www.folkvangboligselskap.no\/index.php?rest_route=\/wp\/v2\/pages"}],"about":[{"href":"https:\/\/www.folkvangboligselskap.no\/index.php?rest_route=\/wp\/v2\/types\/page"}],"author":[{"embeddable":true,"href":"https:\/\/www.folkvangboligselskap.no\/index.php?rest_route=\/wp\/v2\/users\/104"}],"replies":[{"embeddable":true,"href":"https:\/\/www.folkvangboligselskap.no\/index.php?rest_route=%2Fwp%2Fv2%2Fcomments&post=2053"}],"version-history":[{"count":21,"href":"https:\/\/www.folkvangboligselskap.no\/index.php?rest_route=\/wp\/v2\/pages\/2053\/revisions"}],"predecessor-version":[{"id":2522,"href":"https:\/\/www.folkvangboligselskap.no\/index.php?rest_route=\/wp\/v2\/pages\/2053\/revisions\/2522"}],"up":[{"embeddable":true,"href":"https:\/\/www.folkvangboligselskap.no\/index.php?rest_route=\/wp\/v2\/pages\/6"}],"wp:attachment":[{"href":"https:\/\/www.folkvangboligselskap.no\/index.php?rest_route=%2Fwp%2Fv2%2Fmedia&parent=2053"}],"curies":[{"name":"wp","href":"https:\/\/api.w.org\/{rel}","templated":true}]}}