{"id":20,"date":"2011-11-29T14:48:48","date_gmt":"2011-11-29T13:48:48","guid":{"rendered":"http:\/\/www2.folkvangboligselskap.no\/?page_id=20"},"modified":"2022-04-05T06:30:03","modified_gmt":"2022-04-05T05:30:03","slug":"oppganger","status":"publish","type":"page","link":"https:\/\/www.folkvangboligselskap.no\/?page_id=20","title":{"rendered":"Oppganger"},"content":{"rendered":"<p>Oppganger<\/p>\n<p>Oppbevaring i oppganger<br \/>Det skal ikke oppbevares s\u00f8ppel, sko eller sykler i oppgangene.<br \/>Ved postkassene skal det ikke etterlates papiravfall, dette skal kastes i s\u00f8ppelrom. Vaskebyr\u00e5et tar ikke med seg s\u00f8ppel fra oppgangene, de skal kun vaske.<\/p>\n<p>Trapp-\/gulvvask<br \/>Trappeoppgangene vaskes og vinduskarmer st\u00f8vt\u00f8rkes en gang pr mnd. Kjellerne vaskes 2 ganger i \u00e5ret. <br \/>Fellesvaskeriene vaskes 2 ganger i \u00e5ret, og etter behov.<\/p>\n\n\n<p><\/p>\n","protected":false},"excerpt":{"rendered":"<p>Oppganger Oppbevaring i oppgangerDet skal ikke oppbevares s\u00f8ppel, sko eller sykler i oppgangene.Ved postkassene skal det ikke etterlates papiravfall, dette skal kastes i s\u00f8ppelrom. Vaskebyr\u00e5et tar ikke med seg s\u00f8ppel fra oppgangene, de skal kun vaske. Trapp-\/gulvvaskTrappeoppgangene vaskes og vinduskarmer &hellip; <a href=\"https:\/\/www.folkvangboligselskap.no\/?page_id=20\">Les videre <span class=\"meta-nav\">&rarr;<\/span><\/a><\/p>\n","protected":false},"author":1,"featured_media":0,"parent":6,"menu_order":0,"comment_status":"open","ping_status":"open","template":"sidebar-page.php","meta":{"_monsterinsights_skip_tracking":false,"_monsterinsights_sitenote_active":false,"_monsterinsights_sitenote_note":"","_monsterinsights_sitenote_category":0,"footnotes":""},"class_list":["post-20","page","type-page","status-publish","hentry"],"_links":{"self":[{"href":"https:\/\/www.folkvangboligselskap.no\/index.php?rest_route=\/wp\/v2\/pages\/20","targetHints":{"allow":["GET"]}}],"collection":[{"href":"https:\/\/www.folkvangboligselskap.no\/index.php?rest_route=\/wp\/v2\/pages"}],"about":[{"href":"https:\/\/www.folkvangboligselskap.no\/index.php?rest_route=\/wp\/v2\/types\/page"}],"author":[{"embeddable":true,"href":"https:\/\/www.folkvangboligselskap.no\/index.php?rest_route=\/wp\/v2\/users\/1"}],"replies":[{"embeddable":true,"href":"https:\/\/www.folkvangboligselskap.no\/index.php?rest_route=%2Fwp%2Fv2%2Fcomments&post=20"}],"version-history":[{"count":6,"href":"https:\/\/www.folkvangboligselskap.no\/index.php?rest_route=\/wp\/v2\/pages\/20\/revisions"}],"predecessor-version":[{"id":1987,"href":"https:\/\/www.folkvangboligselskap.no\/index.php?rest_route=\/wp\/v2\/pages\/20\/revisions\/1987"}],"up":[{"embeddable":true,"href":"https:\/\/www.folkvangboligselskap.no\/index.php?rest_route=\/wp\/v2\/pages\/6"}],"wp:attachment":[{"href":"https:\/\/www.folkvangboligselskap.no\/index.php?rest_route=%2Fwp%2Fv2%2Fmedia&parent=20"}],"curies":[{"name":"wp","href":"https:\/\/api.w.org\/{rel}","templated":true}]}}