{"id":1938,"date":"2022-01-23T20:14:02","date_gmt":"2022-01-23T19:14:02","guid":{"rendered":"http:\/\/www.folkvangboligselskap.no\/?page_id=1938"},"modified":"2022-01-24T12:30:12","modified_gmt":"2022-01-24T11:30:12","slug":"radon-malinger-utfort-pa-folkvang-boligselskap-as","status":"publish","type":"page","link":"https:\/\/www.folkvangboligselskap.no\/?page_id=1938","title":{"rendered":"Radon m\u00e5linger"},"content":{"rendered":"\n<p> <\/p>\n\n\n\n<figure class=\"wp-block-image is-resized\"><img loading=\"lazy\" decoding=\"async\" src=\"http:\/\/www.folkvangboligselskap.no\/wp-content\/uploads\/2022\/01\/image-1024x735.png\" alt=\"\" class=\"wp-image-1939\" width=\"365\" height=\"262\" srcset=\"https:\/\/www.folkvangboligselskap.no\/wp-content\/uploads\/2022\/01\/image-1024x735.png 1024w, https:\/\/www.folkvangboligselskap.no\/wp-content\/uploads\/2022\/01\/image-300x215.png 300w, https:\/\/www.folkvangboligselskap.no\/wp-content\/uploads\/2022\/01\/image-768x551.png 768w, https:\/\/www.folkvangboligselskap.no\/wp-content\/uploads\/2022\/01\/image-418x300.png 418w, https:\/\/www.folkvangboligselskap.no\/wp-content\/uploads\/2022\/01\/image.png 1104w\" sizes=\"auto, (max-width: 365px) 100vw, 365px\" \/><\/figure>\n\n\n\n<p>Radon m\u00e5linger er blitt gjort i vinterhalv\u00e5ret, hvor det er h\u00f8yest m\u00e5leverdier.<br>Sporfilmene ble plassert i f\u00f8rste etasje, n\u00e6rmest bakkeniv\u00e5.<br>Vi er ligger langt under 200 Bq m\u00b3 som er den h\u00f8yeste anbefalte verdi for oppholdsrom.<br>Radon m\u00e5ling har blitt utf\u00f8rt i 2018 som viste meget gode verdier m\u00e5lt i f\u00f8rste etasje.<br><\/p>\n\n\n\n<p class=\"has-background has-vivid-green-cyan-background-color\"><strong>M\u00e5leverdier<\/strong> <br>Grefsenveien 5a, Leilighet Nr. 11 <br>Stue:<br>84 \u00b1 10 Bq m\u00b3<br>Soverom:<br>38 \u00b1 10 Bq m\u00b3 <br>Verdier godt under 200 Bq m\u00b3 som er grenseverdi inne i bolig.<\/p>\n\n\n\n<div class=\"wp-block-file\"><a href=\"http:\/\/www.folkvangboligselskap.no\/wp-content\/uploads\/2022\/01\/Radonm\u00e5ling.pdf\">Radon m\u00e5ling <\/a><a href=\"http:\/\/www.folkvangboligselskap.no\/wp-content\/uploads\/2022\/01\/Radonm\u00e5ling.pdf\" class=\"wp-block-file__button\" download>Dokumentasjon<\/a><\/div>\n\n\n\n<p><br><\/p>\n","protected":false},"excerpt":{"rendered":"<p>Radon m\u00e5linger er blitt gjort i vinterhalv\u00e5ret, hvor det er h\u00f8yest m\u00e5leverdier.Sporfilmene ble plassert i f\u00f8rste etasje, n\u00e6rmest bakkeniv\u00e5.Vi er ligger langt under 200 Bq m\u00b3 som er den h\u00f8yeste anbefalte verdi for oppholdsrom.Radon m\u00e5ling har blitt utf\u00f8rt i 2018 &hellip; <a href=\"https:\/\/www.folkvangboligselskap.no\/?page_id=1938\">Les videre <span class=\"meta-nav\">&rarr;<\/span><\/a><\/p>\n","protected":false},"author":104,"featured_media":0,"parent":6,"menu_order":0,"comment_status":"closed","ping_status":"closed","template":"","meta":{"_monsterinsights_skip_tracking":false,"_monsterinsights_sitenote_active":false,"_monsterinsights_sitenote_note":"","_monsterinsights_sitenote_category":0,"footnotes":""},"class_list":["post-1938","page","type-page","status-publish","hentry"],"_links":{"self":[{"href":"https:\/\/www.folkvangboligselskap.no\/index.php?rest_route=\/wp\/v2\/pages\/1938","targetHints":{"allow":["GET"]}}],"collection":[{"href":"https:\/\/www.folkvangboligselskap.no\/index.php?rest_route=\/wp\/v2\/pages"}],"about":[{"href":"https:\/\/www.folkvangboligselskap.no\/index.php?rest_route=\/wp\/v2\/types\/page"}],"author":[{"embeddable":true,"href":"https:\/\/www.folkvangboligselskap.no\/index.php?rest_route=\/wp\/v2\/users\/104"}],"replies":[{"embeddable":true,"href":"https:\/\/www.folkvangboligselskap.no\/index.php?rest_route=%2Fwp%2Fv2%2Fcomments&post=1938"}],"version-history":[{"count":6,"href":"https:\/\/www.folkvangboligselskap.no\/index.php?rest_route=\/wp\/v2\/pages\/1938\/revisions"}],"predecessor-version":[{"id":1948,"href":"https:\/\/www.folkvangboligselskap.no\/index.php?rest_route=\/wp\/v2\/pages\/1938\/revisions\/1948"}],"up":[{"embeddable":true,"href":"https:\/\/www.folkvangboligselskap.no\/index.php?rest_route=\/wp\/v2\/pages\/6"}],"wp:attachment":[{"href":"https:\/\/www.folkvangboligselskap.no\/index.php?rest_route=%2Fwp%2Fv2%2Fmedia&parent=1938"}],"curies":[{"name":"wp","href":"https:\/\/api.w.org\/{rel}","templated":true}]}}