{"id":18,"date":"2011-11-29T14:48:40","date_gmt":"2011-11-29T13:48:40","guid":{"rendered":"http:\/\/www2.folkvangboligselskap.no\/?page_id=18"},"modified":"2012-04-24T20:51:03","modified_gmt":"2012-04-24T19:51:03","slug":"kjellerbodene","status":"publish","type":"page","link":"https:\/\/www.folkvangboligselskap.no\/?page_id=18","title":{"rendered":"Kjellerbodene"},"content":{"rendered":"<p>Kjellerbodene<\/p>\n<p>Bodene skal holdes rydding, og alle med kraner til radiator eller vann m\u00e5 gi en kopi av n\u00f8kkelen til vaktmester slik at han har mulighet til \u00e5 komme inn i boden ved evnt. lekkasjer. Hvis ikke vil l\u00e5sen blir klippet p\u00e5 beboers bekostning. Det skal ikke oppbevares brannfarlig eller eksplosjonsfarlig materiale i kjellerbodene.<br \/>\nDet skal heller ikke oppbevares ting som kan v\u00e6re til skade eller ulempe for andre beboere.<\/p>\n","protected":false},"excerpt":{"rendered":"<p>Kjellerbodene Bodene skal holdes rydding, og alle med kraner til radiator eller vann m\u00e5 gi en kopi av n\u00f8kkelen til vaktmester slik at han har mulighet til \u00e5 komme inn i boden ved evnt. lekkasjer. Hvis ikke vil l\u00e5sen blir &hellip; <a href=\"https:\/\/www.folkvangboligselskap.no\/?page_id=18\">Les videre <span class=\"meta-nav\">&rarr;<\/span><\/a><\/p>\n","protected":false},"author":1,"featured_media":0,"parent":6,"menu_order":0,"comment_status":"open","ping_status":"open","template":"sidebar-page.php","meta":{"_monsterinsights_skip_tracking":false,"_monsterinsights_sitenote_active":false,"_monsterinsights_sitenote_note":"","_monsterinsights_sitenote_category":0,"footnotes":""},"class_list":["post-18","page","type-page","status-publish","hentry"],"_links":{"self":[{"href":"https:\/\/www.folkvangboligselskap.no\/index.php?rest_route=\/wp\/v2\/pages\/18","targetHints":{"allow":["GET"]}}],"collection":[{"href":"https:\/\/www.folkvangboligselskap.no\/index.php?rest_route=\/wp\/v2\/pages"}],"about":[{"href":"https:\/\/www.folkvangboligselskap.no\/index.php?rest_route=\/wp\/v2\/types\/page"}],"author":[{"embeddable":true,"href":"https:\/\/www.folkvangboligselskap.no\/index.php?rest_route=\/wp\/v2\/users\/1"}],"replies":[{"embeddable":true,"href":"https:\/\/www.folkvangboligselskap.no\/index.php?rest_route=%2Fwp%2Fv2%2Fcomments&post=18"}],"version-history":[{"count":3,"href":"https:\/\/www.folkvangboligselskap.no\/index.php?rest_route=\/wp\/v2\/pages\/18\/revisions"}],"predecessor-version":[{"id":111,"href":"https:\/\/www.folkvangboligselskap.no\/index.php?rest_route=\/wp\/v2\/pages\/18\/revisions\/111"}],"up":[{"embeddable":true,"href":"https:\/\/www.folkvangboligselskap.no\/index.php?rest_route=\/wp\/v2\/pages\/6"}],"wp:attachment":[{"href":"https:\/\/www.folkvangboligselskap.no\/index.php?rest_route=%2Fwp%2Fv2%2Fmedia&parent=18"}],"curies":[{"name":"wp","href":"https:\/\/api.w.org\/{rel}","templated":true}]}}