{"id":1785,"date":"2021-02-18T14:43:40","date_gmt":"2021-02-18T13:43:40","guid":{"rendered":"http:\/\/www.folkvangboligselskap.no\/?page_id=1785"},"modified":"2025-03-26T12:19:49","modified_gmt":"2025-03-26T11:19:49","slug":"ventilasjon","status":"publish","type":"page","link":"https:\/\/www.folkvangboligselskap.no\/?page_id=1785","title":{"rendered":"Ventilasjon"},"content":{"rendered":"\n<p>Rapport fra ventilasjonsrensen utf\u00f8rt 2021<br>Her kan du hente rapporten fra din <a href=\"https:\/\/docs.google.com\/forms\/d\/e\/1FAIpQLSdqgJuZe4LDOqIevrafD4pCT6VFcUfHvRlXCbnhwXXw90P9_Q\/viewform\">leilighet.<\/a>  <br> <br>Ventilasjonsrensen ble utf\u00f8r av:<br><\/p>\n\n\n\n<figure class=\"wp-block-image\"><img decoding=\"async\" src=\"http:\/\/www.folkvangboligselskap.no\/wp-content\/uploads\/2022\/06\/Jenssen-1024x148.png\" alt=\"Dette bildet mangler alt-tekst; dets filnavn er Jenssen-1024x148.png\"\/><\/figure>\n\n\n\n<p>Ventilasjon p\u00e5 Folkvang Boligselskap AS er basert p\u00e5 naturlig ventilasjon<\/p>\n\n\n\n<figure class=\"wp-block-image\"><img decoding=\"async\" src=\"http:\/\/www.folkvangboligselskap.no\/wp-content\/uploads\/2020\/11\/Ventilasjon.jpg\" alt=\"\"\/><\/figure>\n\n\n\n<p><strong>Det er kun avtrekksvifte med kullfilter over komfyr som er godkjent!<\/strong> <br><strong>M\u00e5 ikke kobles sammen med luft ventil p\u00e5 kj\u00f8kken.<\/strong><br><br>Huset ventileres for at brukt luft skal erstattes med uteluft. Den brukte luften kan inneholde radon, gasser og partikler fra bygningsmaterialer, kl\u00e6r, dyr, inventar, maskiner og forurensning fra matlaging, i tillegg til fukt og karbondioksid som mennesker puster ut. Hvis vi ikke ventilerer huset, blir luften mindre sunn \u00e5 puste i, dessuten blir det fuktig. Slik \u00f8kt luft fukt vil sl\u00e5 seg ned p\u00e5 kalde flater og gi mugg p\u00e5 kalde soveromsvegger som avsl\u00f8rer at boligen har d\u00e5rlig ventilasjon. <br><br><strong>Hvordan skal boligen ventileres? <\/strong><br><br><strong>Luft inn.<\/strong><br>Uteluften skal komme inn fra ventiler som er p\u00e5 yttervegg som spalteventiler over vinduene.<br>Da vinduene ble installert i 2017 kom disse med spalteventiler, men vinduene som vender ut mot Hans Nielsen Hauges gate og<br>Grefsenveien ble spalteventiler over vinduene levert plombert med fugemasse.<br>Dette for at de skulle v\u00e6re innenfor lyd krav mot trafikkert vei.<br><strong>Det anbefales \u00e5 f\u00e5 fjernet plomberingene slik at det blir bedre inneklima.<\/strong><br>Noen har i tillegg ventil p\u00e5 veggen p\u00e5 kj\u00f8kkenet som anbefales \u00e5 f\u00e5 <strong>frigjort<\/strong> s\u00e5 den virker.<br>I \u00e5renes l\u00f8p er det blitt pusset opp \u00e5 diverse forandringer er blitt gjort p\u00e5 kj\u00f8kkener.<br>Ofte er ventilen blitt malt igjen eller kledd inn med panel eller lignende.<br><br><strong>Luft ut.<\/strong><br>Leilighetene har ventil p\u00e5 bad og kj\u00f8kken, som suger luften ut av leiligheten.<br>Denne ventilen befinner seg h\u00f8yt plassert, (ikke p\u00e5 yttervegg.)<br>Dette for at varm luft stiger og drar med seg gammel luft i luftekanalen som f\u00f8rer helt opp p\u00e5 taket. Ogs\u00e5 her er det tilfeller av at disse ventilene er malt igjen og ikke benyttet. Kj\u00f8kkenventilatorer som blir installert og som brukes for \u00e5 fjerne matos og fukt fra matlagingen skal <strong>ikke<\/strong> monteres p\u00e5 felles ventilasjonsanlegget.<br>Dette kan f\u00f8re til at fuktig baderoms luft dras ut fra badet og inn i kj\u00f8kken\/stue og fukter ned boligen. Det samler seg ogs\u00e5 fett i kanalen som kan f\u00f8re til brannfare og \u00f8delagt vifte. <br>Eneste godkjente kj\u00f8kken ventilatorer er de som er utstyrt med kullfilter eller lignende.<br><strong>Det anbefales ikke<\/strong>  \u00e5 montere elektrisk vifte p\u00e5 utluft ventilen p\u00e5 badet da dette kan skape b\u00e5de st\u00f8y og dra med seg eventuelt damp og lukt fra matlaging fra kj\u00f8kken til bad.<br>Det vil heller ikke bli gjennomf\u00f8rt ventilasjons rens dersom beboer har montert slik vifte.<br>Det som er viktig er \u00e5 \u00e5pne alle spalte ventilene over vinduene og \u00e5pne utluft luker p\u00e5 bad og kj\u00f8kken.<br><\/p>\n","protected":false},"excerpt":{"rendered":"<p>Rapport fra ventilasjonsrensen utf\u00f8rt 2021Her kan du hente rapporten fra din leilighet. Ventilasjonsrensen ble utf\u00f8r av: Ventilasjon p\u00e5 Folkvang Boligselskap AS er basert p\u00e5 naturlig ventilasjon Det er kun avtrekksvifte med kullfilter over komfyr som er godkjent! M\u00e5 ikke kobles &hellip; <a href=\"https:\/\/www.folkvangboligselskap.no\/?page_id=1785\">Les videre <span class=\"meta-nav\">&rarr;<\/span><\/a><\/p>\n","protected":false},"author":104,"featured_media":0,"parent":6,"menu_order":0,"comment_status":"closed","ping_status":"closed","template":"sidebar-page.php","meta":{"_monsterinsights_skip_tracking":false,"_monsterinsights_sitenote_active":false,"_monsterinsights_sitenote_note":"","_monsterinsights_sitenote_category":0,"footnotes":""},"class_list":["post-1785","page","type-page","status-publish","hentry"],"_links":{"self":[{"href":"https:\/\/www.folkvangboligselskap.no\/index.php?rest_route=\/wp\/v2\/pages\/1785","targetHints":{"allow":["GET"]}}],"collection":[{"href":"https:\/\/www.folkvangboligselskap.no\/index.php?rest_route=\/wp\/v2\/pages"}],"about":[{"href":"https:\/\/www.folkvangboligselskap.no\/index.php?rest_route=\/wp\/v2\/types\/page"}],"author":[{"embeddable":true,"href":"https:\/\/www.folkvangboligselskap.no\/index.php?rest_route=\/wp\/v2\/users\/104"}],"replies":[{"embeddable":true,"href":"https:\/\/www.folkvangboligselskap.no\/index.php?rest_route=%2Fwp%2Fv2%2Fcomments&post=1785"}],"version-history":[{"count":14,"href":"https:\/\/www.folkvangboligselskap.no\/index.php?rest_route=\/wp\/v2\/pages\/1785\/revisions"}],"predecessor-version":[{"id":2548,"href":"https:\/\/www.folkvangboligselskap.no\/index.php?rest_route=\/wp\/v2\/pages\/1785\/revisions\/2548"}],"up":[{"embeddable":true,"href":"https:\/\/www.folkvangboligselskap.no\/index.php?rest_route=\/wp\/v2\/pages\/6"}],"wp:attachment":[{"href":"https:\/\/www.folkvangboligselskap.no\/index.php?rest_route=%2Fwp%2Fv2%2Fmedia&parent=1785"}],"curies":[{"name":"wp","href":"https:\/\/api.w.org\/{rel}","templated":true}]}}