{"id":167,"date":"2013-02-20T09:57:15","date_gmt":"2013-02-20T08:57:15","guid":{"rendered":"http:\/\/www.folkvangboligselskap.no\/?page_id=167"},"modified":"2016-06-21T12:54:43","modified_gmt":"2016-06-21T11:54:43","slug":"fremleie","status":"publish","type":"page","link":"https:\/\/www.folkvangboligselskap.no\/?page_id=167","title":{"rendered":"Fremleie"},"content":{"rendered":"<p><strong>Tips og retningslinjer fremleie<\/strong><br \/>\nStyret gj\u00f8r oppmerksom p\u00e5 at fremleier vil v\u00e6re erstatningsansvarlig for eventuelle skader \u00a0om blir p\u00e5f\u00f8rt boligselskapets eiendom i fremleietiden ved uaktsom opptreden av leietakeren eller andre som er gitt adgang til eiendommen av fremleieren, jf. husordensreglene punkt 5.<br \/>\nVi ber om at leietaker blir gjort oppmerksom p\u00e5 rutiner i boligselskapet (fellesvaskeri, s\u00f8ppelh\u00e5ndtering etc), husordensreglene, samt viktigheten ved \u00e5 melde fra om skader p\u00e5\/i leiligheten, eks. vannskade, o.l. Om det i utleieperioden byttes leietaker, m\u00e5 det meldes fra om hvem som er ny leietaker.<br \/>\nDeres adresse i fremleietiden, leietakers kontaktinformasjon og fremleiekontrakten skal sendes til v\u00e5r forretningsf\u00f8rer Enqvist Eiendom AS. Kontaktinformasjon Enquist Eiendom: Enqvist Eiendom AS, Postboks 6653 Rodel\u00f8kka, 0502 Oslo. E-post: post@enqvist.no.<br \/>\n<strong>Videre refereres det til vedtektene 3.3:<\/strong><br \/>\n<strong>3.3 Overlating av bruk til andre<\/strong><br \/>\nEn aksjeeier som selv bor i boligen, kan overlate bruken av deler av boligen til andre.<br \/>\nMed godkjenning fra styret kan en aksjeeier overlate bruken av hele boligen til andre for inntil tre \u00e5r, dersom aksjeeieren selv, ektefellen eller slektninger i rett opp- eller nedstigende linje eller fosterbarn av aksjeeieren eller ektefellen, har bodd i boligen i minst ett av de siste to \u00e5re-ne. Godkjenning kan bare nektes dersom forhold hos den som bruken \u00f8nskes overlatt til gir saklig grunn til det, eller dersom vedkommende ikke fyller kravene til \u00e5 v\u00e6re aksjeeier.<br \/>\nEn aksjeeier kan ellers med styrets godkjenning overlate bruken av hele boligen til andre dersom<br \/>\n\u2022 aksjeeieren skal v\u00e6re midlertidig borte som f\u00f8lge av arbeid, utdannelse, milit\u00e6rtjenes-te, sykdom eller andre tungtveiende grunner<br \/>\n\u2022 et medlem av brukerhusstanden er aksjeeierens ektefelle, eller slektninger i rett opp- eller nedstigende linje eller fosterbarn av aksjeeieren eller ektefellen<br \/>\n\u2022 det gjelder bruksrett som noen har krav p\u00e5 etter ekteskapsloven \u00a7 68 eller husstands-felleskapsloven \u00a7 3 annet ledd.<br \/>\nGodkjenning kan bare nektes dersom forhold hos den som bruken \u00f8nskes overlatt til gir saklig grunn til det.<br \/>\nHar selskapet ikke svart p\u00e5 s\u00f8knad om godkjenning av brukeren innen en m\u00e5ned etter at s\u00f8k-naden er kommet frem til selskapet, er brukeren \u00e5 anse som godkjent.<br \/>\nAksjeeier som har overlatt bruken av boligen til andre, er fremdeles ansvarlig for bruken av boligen overfor selskapet, og plikter \u00e5 gi styret melding om hvor man er \u00e5 f\u00e5 tak i.<\/p>\n<p>Stikkord: fremleie, utleie, leietaker, airbnb<\/p>\n","protected":false},"excerpt":{"rendered":"<p>Tips og retningslinjer fremleie Styret gj\u00f8r oppmerksom p\u00e5 at fremleier vil v\u00e6re erstatningsansvarlig for eventuelle skader \u00a0om blir p\u00e5f\u00f8rt boligselskapets eiendom i fremleietiden ved uaktsom opptreden av leietakeren eller andre som er gitt adgang til eiendommen av fremleieren, jf. husordensreglene &hellip; <a href=\"https:\/\/www.folkvangboligselskap.no\/?page_id=167\">Les videre <span class=\"meta-nav\">&rarr;<\/span><\/a><\/p>\n","protected":false},"author":1,"featured_media":0,"parent":6,"menu_order":0,"comment_status":"open","ping_status":"open","template":"","meta":{"_monsterinsights_skip_tracking":false,"_monsterinsights_sitenote_active":false,"_monsterinsights_sitenote_note":"","_monsterinsights_sitenote_category":0,"footnotes":""},"class_list":["post-167","page","type-page","status-publish","hentry"],"_links":{"self":[{"href":"https:\/\/www.folkvangboligselskap.no\/index.php?rest_route=\/wp\/v2\/pages\/167","targetHints":{"allow":["GET"]}}],"collection":[{"href":"https:\/\/www.folkvangboligselskap.no\/index.php?rest_route=\/wp\/v2\/pages"}],"about":[{"href":"https:\/\/www.folkvangboligselskap.no\/index.php?rest_route=\/wp\/v2\/types\/page"}],"author":[{"embeddable":true,"href":"https:\/\/www.folkvangboligselskap.no\/index.php?rest_route=\/wp\/v2\/users\/1"}],"replies":[{"embeddable":true,"href":"https:\/\/www.folkvangboligselskap.no\/index.php?rest_route=%2Fwp%2Fv2%2Fcomments&post=167"}],"version-history":[{"count":10,"href":"https:\/\/www.folkvangboligselskap.no\/index.php?rest_route=\/wp\/v2\/pages\/167\/revisions"}],"predecessor-version":[{"id":373,"href":"https:\/\/www.folkvangboligselskap.no\/index.php?rest_route=\/wp\/v2\/pages\/167\/revisions\/373"}],"up":[{"embeddable":true,"href":"https:\/\/www.folkvangboligselskap.no\/index.php?rest_route=\/wp\/v2\/pages\/6"}],"wp:attachment":[{"href":"https:\/\/www.folkvangboligselskap.no\/index.php?rest_route=%2Fwp%2Fv2%2Fmedia&parent=167"}],"curies":[{"name":"wp","href":"https:\/\/api.w.org\/{rel}","templated":true}]}}