{"id":16,"date":"2011-11-29T14:48:30","date_gmt":"2011-11-29T13:48:30","guid":{"rendered":"http:\/\/www2.folkvangboligselskap.no\/?page_id=16"},"modified":"2012-04-24T20:51:04","modified_gmt":"2012-04-24T19:51:04","slug":"sykkelbodene","status":"publish","type":"page","link":"https:\/\/www.folkvangboligselskap.no\/?page_id=16","title":{"rendered":"Sykkelbodene"},"content":{"rendered":"<p>Sykkelbodene<\/p>\n<p>Sykkelbodene er til for sykler og det oppfordres til at man holder det ryddig slik at alle f\u00e5r plass. Sykkelstativene plassert rundt omkring ved inngangene er hovedsaklig til gjester. Er du beboer &#8211; s\u00e5 parker din sykkel i sykkelboden, ikke p\u00e5 g\u00e5rdsplassen eller i stolper o.l.<\/p>\n<p>Ikke plasser annet utstyr enn sykler i sykkelbodene, da vil dette bli fjernet.<\/p>\n<p>Det er en sykkelbod i hver av de ytre bakhagene, d\u00f8rene l\u00e5ses opp med n\u00f8kkelen til oppgangen din.<\/p>\n<p>NB! Vinterstid blir alle sykkelstativene samlet sammen pga sn\u00f8br\u00f8yting, det er viktig at alle sykler fjernes n\u00e5r vaktmester setter opp oppslag om dette i oppgangene.<\/p>\n","protected":false},"excerpt":{"rendered":"<p>Sykkelbodene Sykkelbodene er til for sykler og det oppfordres til at man holder det ryddig slik at alle f\u00e5r plass. Sykkelstativene plassert rundt omkring ved inngangene er hovedsaklig til gjester. Er du beboer &#8211; s\u00e5 parker din sykkel i sykkelboden, &hellip; <a href=\"https:\/\/www.folkvangboligselskap.no\/?page_id=16\">Les videre <span class=\"meta-nav\">&rarr;<\/span><\/a><\/p>\n","protected":false},"author":1,"featured_media":0,"parent":6,"menu_order":0,"comment_status":"open","ping_status":"open","template":"sidebar-page.php","meta":{"_monsterinsights_skip_tracking":false,"_monsterinsights_sitenote_active":false,"_monsterinsights_sitenote_note":"","_monsterinsights_sitenote_category":0,"footnotes":""},"class_list":["post-16","page","type-page","status-publish","hentry"],"_links":{"self":[{"href":"https:\/\/www.folkvangboligselskap.no\/index.php?rest_route=\/wp\/v2\/pages\/16","targetHints":{"allow":["GET"]}}],"collection":[{"href":"https:\/\/www.folkvangboligselskap.no\/index.php?rest_route=\/wp\/v2\/pages"}],"about":[{"href":"https:\/\/www.folkvangboligselskap.no\/index.php?rest_route=\/wp\/v2\/types\/page"}],"author":[{"embeddable":true,"href":"https:\/\/www.folkvangboligselskap.no\/index.php?rest_route=\/wp\/v2\/users\/1"}],"replies":[{"embeddable":true,"href":"https:\/\/www.folkvangboligselskap.no\/index.php?rest_route=%2Fwp%2Fv2%2Fcomments&post=16"}],"version-history":[{"count":3,"href":"https:\/\/www.folkvangboligselskap.no\/index.php?rest_route=\/wp\/v2\/pages\/16\/revisions"}],"predecessor-version":[{"id":115,"href":"https:\/\/www.folkvangboligselskap.no\/index.php?rest_route=\/wp\/v2\/pages\/16\/revisions\/115"}],"up":[{"embeddable":true,"href":"https:\/\/www.folkvangboligselskap.no\/index.php?rest_route=\/wp\/v2\/pages\/6"}],"wp:attachment":[{"href":"https:\/\/www.folkvangboligselskap.no\/index.php?rest_route=%2Fwp%2Fv2%2Fmedia&parent=16"}],"curies":[{"name":"wp","href":"https:\/\/api.w.org\/{rel}","templated":true}]}}