{"id":14,"date":"2011-11-29T14:48:06","date_gmt":"2011-11-29T13:48:06","guid":{"rendered":"http:\/\/www2.folkvangboligselskap.no\/?page_id=14"},"modified":"2024-08-02T06:39:17","modified_gmt":"2024-08-02T05:39:17","slug":"fellesvaskeri","status":"publish","type":"page","link":"https:\/\/www.folkvangboligselskap.no\/?page_id=14","title":{"rendered":"Fellesvaskeri"},"content":{"rendered":"\n<figure class=\"wp-block-image\"><img loading=\"lazy\" decoding=\"async\" width=\"159\" height=\"169\" src=\"http:\/\/www.folkvangboligselskap.no\/wp-content\/uploads\/2023\/06\/vaskemaskiner-1.gif\" alt=\"\" class=\"wp-image-2175\"\/><\/figure>\n\n\n<p>Folkvang har 9 fellesvaskerier med vaskemaskin og t\u00f8rketrommel.<br \/>Du l\u00e5ser deg inn med din oppgangsn\u00f8kkel og kjellern\u00f8kkel.<\/p>\n<p>For \u00e5 bruke vaskemaskin og t\u00f8rketrommel i vaskeriene m\u00e5 du laste ned en app som heter <strong>AirWallet<\/strong>\u00a0p\u00e5 din mobiltelefon.<br \/>Ditt vaskebel\u00f8p blir s\u00e5 trukket direkte fra ditt bankkort hver gang du vasker eller t\u00f8rker.<\/p>\n<div class=\"wp-block-button\"><a class=\"wp-block-button__link\" href=\"http:\/\/www.folkvangboligselskap.no\/wp-content\/uploads\/2020\/08\/Slik-gj%C3%B8r-du_Airwallet_5s-2.pdf\">Trykk her for bruksanvisning<\/a><\/div>\n<p><strong>Vaskeriene kan benyttes i f\u00f8lgende tidsrom:<br \/>mandag til s\u00f8ndag fra kl. 07 til kl. 22<br \/>Du kan booke maskiner i AirWallet Appen<br \/>Du er kan ogs\u00e5 booke fra der du m\u00e5tte befinne deg, bare du er p\u00e5 nett.<\/strong><\/p>\n<h2><strong>Hvilket vaskeri har jeg tilgang til?<\/strong><\/h2>\n<div style=\"direction: ltr;\">\n<table style=\"direction: ltr; border-collapse: collapse; border: 1pt solid #a3a3a3; height: 42px;\" title=\"\" border=\"1\" summary=\"\" width=\"416\" cellspacing=\"0\" cellpadding=\"0\">\n<tbody>\n<tr>\n<td style=\"background-color: white; vertical-align: top; width: 2.0111in; padding: 4pt 4pt 4pt 4pt; border: 1pt solid #A3A3A3;\"><strong>Ditt vaskeri finner du her<\/strong><\/td>\n<td style=\"background-color: white; vertical-align: top; width: 2.2631in; padding: 4pt 4pt 4pt 4pt; border: 1pt solid #A3A3A3;\">\n<p style=\"margin: 0in; font-family: inherit; font-size: 11.25pt; color: #373737;\"><span style=\"font-weight: bold;\">Din hjemmeadresse<\/span><\/p>\n<\/td>\n<\/tr>\n<\/tbody>\n<\/table>\n<\/div>\n<div style=\"direction: ltr;\">\n<table style=\"direction: ltr; border-collapse: collapse; border: 1pt solid #A3A3A3;\" title=\"\" border=\"1\" summary=\"\" cellspacing=\"0\" cellpadding=\"0\">\n<tbody>\n<tr>\n<td style=\"background-color: white; vertical-align: top; width: 2.0097in; padding: 4pt 4pt 4pt 4pt; border: 1pt solid #A3A3A3;\">\n<p style=\"margin: 0in; font-family: inherit; font-size: 11.25pt; color: #373737;\">Grefsenveien 5B<\/p>\n<\/td>\n<td style=\"background-color: white; vertical-align: top; width: 2.2638in; padding: 4pt 4pt 4pt 4pt; border: 1pt solid #A3A3A3;\">\n<p style=\"margin: 0in; font-family: inherit; font-size: 11.25pt; color: #373737;\">Grefsenveien 5A, 5B og 5C<\/p>\n<\/td>\n<\/tr>\n<tr>\n<td style=\"background-color: white; vertical-align: top; width: 2.0097in; padding: 4pt 4pt 4pt 4pt; border: 1pt solid #A3A3A3;\">\n<p style=\"margin: 0in; font-family: inherit; font-size: 11.25pt; color: #373737;\">Hans Nielsen Hauges gate 8<\/p>\n<\/td>\n<td style=\"background-color: white; vertical-align: top; width: 2.2638in; padding: 4pt 4pt 4pt 4pt; border: 1pt solid #A3A3A3;\">\n<p style=\"margin: 0in; font-family: inherit; font-size: 11.25pt; color: #373737;\">HNH 4, 6, 8 og 10<\/p>\n<\/td>\n<\/tr>\n<tr>\n<td style=\"background-color: white; vertical-align: top; width: 2.0291in; padding: 4pt 4pt 4pt 4pt; border: 1pt solid #A3A3A3;\">\n<p style=\"margin: 0in; font-family: inherit; font-size: 11.25pt; color: #373737;\">Hans Nielsen Hauges gate 14<\/p>\n<\/td>\n<td style=\"background-color: white; vertical-align: top; width: 2.3138in; padding: 4pt 4pt 4pt 4pt; border: 1pt solid #A3A3A3;\">\n<p style=\"margin: 0in; font-family: inherit; font-size: 11.25pt; color: #373737;\">HNH 12, 14, og Brettevilles gate 13<\/p>\n<\/td>\n<\/tr>\n<tr>\n<td style=\"background-color: white; vertical-align: top; width: 2.0291in; padding: 4pt 4pt 4pt 4pt; border: 1pt solid #A3A3A3;\">\n<p style=\"margin: 0in; font-family: inherit; font-size: 11.25pt; color: #373737;\">Hans Nielsen Hauges gate 20<\/p>\n<\/td>\n<td style=\"background-color: white; vertical-align: top; width: 2.2444in; padding: 4pt 4pt 4pt 4pt; border: 1pt solid #A3A3A3;\">\n<p style=\"margin: 0in; font-family: inherit; font-size: 11.25pt; color: #373737;\">HNH 16, 18, 20 og 22<\/p>\n<\/td>\n<\/tr>\n<tr>\n<td style=\"background-color: white; vertical-align: top; width: 2.0291in; padding: 4pt 4pt 4pt 4pt; border: 1pt solid #A3A3A3;\">\n<p style=\"margin: 0in; font-family: inherit; font-size: 11.25pt; color: #373737;\">Hans Nielsen Hauges gate 28<\/p>\n<\/td>\n<td style=\"background-color: white; vertical-align: top; width: 2.2444in; padding: 4pt 4pt 4pt 4pt; border: 1pt solid #A3A3A3;\">\n<p style=\"margin: 0in; font-family: inherit; font-size: 11.25pt; color: #373737;\">HNH 24, 26, 28 og 30<\/p>\n<\/td>\n<\/tr>\n<tr>\n<td style=\"background-color: white; vertical-align: top; width: 2.0097in; padding: 4pt 4pt 4pt 4pt; border: 1pt solid #A3A3A3;\">\n<p style=\"margin: 0in; font-family: inherit; font-size: 11.25pt; color: #373737;\">Borger Withs gate 6<\/p>\n<\/td>\n<td style=\"background-color: white; vertical-align: top; width: 2.2638in; padding: 4pt 4pt 4pt 4pt; border: 1pt solid #A3A3A3;\">\n<p style=\"margin: 0in; font-family: inherit; font-size: 11.25pt; color: #373737;\">Borger Withs gate 2, 4, 6 og 8<\/p>\n<\/td>\n<\/tr>\n<tr>\n<td style=\"background-color: white; vertical-align: top; width: 2.0097in; padding: 4pt 4pt 4pt 4pt; border: 1pt solid #A3A3A3;\">\n<p style=\"margin: 0in; font-family: inherit; font-size: 11.25pt; color: #373737;\">Brettevilles gate 25<\/p>\n<\/td>\n<td style=\"background-color: white; vertical-align: top; width: 2.2638in; padding: 4pt 4pt 4pt 4pt; border: 1pt solid #A3A3A3;\">\n<p style=\"margin: 0in; font-family: inherit; font-size: 11.25pt; color: #373737;\">Brettevilles gate 21, 23, 25 og 27<\/p>\n<\/td>\n<\/tr>\n<tr>\n<td style=\"background-color: white; vertical-align: top; width: 2.0097in; padding: 4pt 4pt 4pt 4pt; border: 1pt solid #A3A3A3;\">\n<p style=\"margin: 0in; font-family: inherit; font-size: 11.25pt; color: #373737;\">Brettevilles gate 15<\/p>\n<\/td>\n<td style=\"background-color: white; vertical-align: top; width: 2.2638in; padding: 4pt 4pt 4pt 4pt; border: 1pt solid #A3A3A3;\">\n<p style=\"margin: 0in; font-family: inherit; font-size: 11.25pt; color: #373737;\">Brettevilles gate 15, 17 og 19<\/p>\n<\/td>\n<\/tr>\n<tr>\n<td style=\"background-color: white; vertical-align: top; width: 2.0097in; padding: 4pt 4pt 4pt 4pt; border: 1pt solid #A3A3A3;\">\n<p style=\"margin: 0in; font-family: inherit; font-size: 11.25pt; color: #373737;\">Brettevilles gate 9<\/p>\n<\/td>\n<td style=\"background-color: white; vertical-align: top; width: 2.2638in; padding: 4pt 4pt 4pt 4pt; border: 1pt solid #A3A3A3;\">\n<p style=\"margin: 0in; font-family: inherit; font-size: 11.25pt; color: #373737;\">Brettevilles gate 5, 7, 9 og 11<\/p>\n<\/td>\n<\/tr>\n<\/tbody>\n<\/table>\n<\/div>\n<p>Pris pr. vask: 20,-<br \/>Pris pr. t\u00f8rketrommel: kr. 20,- for 120 minutter<\/p>\n<p>T\u00f8rketrommel:\u00a0m\u00e5 startes igjen etter hver time. Skru p\u00e5 bryter.<\/p>\n<p>Etter bruk skal vaskeriet forlates slik at det er klart til bruk for neste beboer. Rydd etter deg og t\u00f8rk av vaskemaskinen &#8211; og ta med deg s\u00f8pla etter deg.<\/p>\n<p>T\u00f8rkeplasser\/T\u00f8rkeburene i bakg\u00e5rden er til for \u00e5 t\u00f8rke kl\u00e6r og vi oppfordrer alle beboerne til \u00e5 ta inn sitt t\u00f8y s\u00e5 snart det er t\u00f8rt s\u00e5 andre kommer til.<\/p>\n\n\n<figure class=\"wp-block-embed-youtube wp-block-embed is-type-video is-provider-youtube wp-embed-aspect-16-9 wp-has-aspect-ratio\"><div class=\"wp-block-embed__wrapper\">\n<iframe loading=\"lazy\" title=\"Airwallet - how you use the Airwallet App\" width=\"584\" height=\"329\" src=\"https:\/\/www.youtube.com\/embed\/VdDP3XbeOLg?feature=oembed\" frameborder=\"0\" allow=\"accelerometer; autoplay; clipboard-write; encrypted-media; gyroscope; picture-in-picture; web-share\" referrerpolicy=\"strict-origin-when-cross-origin\" allowfullscreen><\/iframe>\n<\/div><\/figure>\n","protected":false},"excerpt":{"rendered":"<p>Folkvang har 9 fellesvaskerier med vaskemaskin og t\u00f8rketrommel.Du l\u00e5ser deg inn med din oppgangsn\u00f8kkel og kjellern\u00f8kkel. For \u00e5 bruke vaskemaskin og t\u00f8rketrommel i vaskeriene m\u00e5 du laste ned en app som heter AirWallet\u00a0p\u00e5 din mobiltelefon.Ditt vaskebel\u00f8p blir s\u00e5 trukket direkte &hellip; <a href=\"https:\/\/www.folkvangboligselskap.no\/?page_id=14\">Les videre <span class=\"meta-nav\">&rarr;<\/span><\/a><\/p>\n","protected":false},"author":104,"featured_media":0,"parent":6,"menu_order":0,"comment_status":"closed","ping_status":"open","template":"sidebar-page.php","meta":{"_monsterinsights_skip_tracking":false,"_monsterinsights_sitenote_active":false,"_monsterinsights_sitenote_note":"","_monsterinsights_sitenote_category":0,"footnotes":""},"class_list":["post-14","page","type-page","status-publish","hentry"],"_links":{"self":[{"href":"https:\/\/www.folkvangboligselskap.no\/index.php?rest_route=\/wp\/v2\/pages\/14","targetHints":{"allow":["GET"]}}],"collection":[{"href":"https:\/\/www.folkvangboligselskap.no\/index.php?rest_route=\/wp\/v2\/pages"}],"about":[{"href":"https:\/\/www.folkvangboligselskap.no\/index.php?rest_route=\/wp\/v2\/types\/page"}],"author":[{"embeddable":true,"href":"https:\/\/www.folkvangboligselskap.no\/index.php?rest_route=\/wp\/v2\/users\/104"}],"replies":[{"embeddable":true,"href":"https:\/\/www.folkvangboligselskap.no\/index.php?rest_route=%2Fwp%2Fv2%2Fcomments&post=14"}],"version-history":[{"count":20,"href":"https:\/\/www.folkvangboligselskap.no\/index.php?rest_route=\/wp\/v2\/pages\/14\/revisions"}],"predecessor-version":[{"id":2339,"href":"https:\/\/www.folkvangboligselskap.no\/index.php?rest_route=\/wp\/v2\/pages\/14\/revisions\/2339"}],"up":[{"embeddable":true,"href":"https:\/\/www.folkvangboligselskap.no\/index.php?rest_route=\/wp\/v2\/pages\/6"}],"wp:attachment":[{"href":"https:\/\/www.folkvangboligselskap.no\/index.php?rest_route=%2Fwp%2Fv2%2Fmedia&parent=14"}],"curies":[{"name":"wp","href":"https:\/\/api.w.org\/{rel}","templated":true}]}}