{"id":1246,"date":"2019-10-31T12:29:23","date_gmt":"2019-10-31T11:29:23","guid":{"rendered":"http:\/\/www.folkvangboligselskap.no\/?page_id=1246"},"modified":"2024-09-29T17:31:10","modified_gmt":"2024-09-29T16:31:10","slug":"vedlikehold-av-vinduer","status":"publish","type":"page","link":"https:\/\/www.folkvangboligselskap.no\/?page_id=1246","title":{"rendered":"Vedlikehold av vinduer"},"content":{"rendered":"\n<p>Kj\u00e6re beboere p\u00e5 Folkvang!<br>Har f\u00e5tt en del tilbakemeldinger p\u00e5 at h\u00e5ndtaket er tungt \u00e5 betjene, det er vanskelig \u00e5 lukke vinduet og at man m\u00e5 bruke mye kraft. <br>H\u00e5ndtaket g\u00e5r i stykker, den svarte splinten begynner og falle ut osv..<br>Da har det v\u00e6rt p\u00e5 p\u00e5 tide med sm\u00f8ring lenge! <br><br>Til dere som har balkong d\u00f8rer gjelder samme prinsippet med sm\u00f8repunkter som vinduene.<br>Her kommer oppskriften for enkelt ordne vinduene problemfrie \ud83d\ude42<br>Du trenger sm\u00f8remiddel, det kan v\u00e6re for eksempel WD 40 som er \u00e5 f\u00e5 kj\u00f8pt blant annet p\u00e5 Clas Ohlson. <br>Se <strong>video 1<\/strong> for hvordan.<\/p>\n\n\n\n<p>N\u00e5r du skal vaske vinduene dine er det bare og svinge de rundt.<br>Om dette ogs\u00e5 begynner \u00e5 g\u00e5 tregt kan du f\u00f8lge oppskriften i <strong>video 2<\/strong><br><br>Vennlig hilsen vaktmester&#8217;n <\/p>\n\n\n\n<figure class=\"wp-block-image is-resized\"><img loading=\"lazy\" decoding=\"async\" src=\"http:\/\/www.folkvangboligselskap.no\/wp-content\/uploads\/2023\/05\/kontaktspray-wd-40_14253000-1024x1024.jpg\" alt=\"Dette bildet mangler alt-tekst; dets filnavn er kontaktspray-wd-40_14253000-1024x1024.jpg\" width=\"368\" height=\"368\"\/><\/figure>\n\n\n\n<figure class=\"wp-block-video\"><video height=\"720\" style=\"aspect-ratio: 1280 \/ 720;\" width=\"1280\" controls src=\"http:\/\/www.folkvangboligselskap.no\/wp-content\/uploads\/2023\/05\/VID_20230522_090149.mp4\"><\/video><figcaption>Video 1<\/figcaption><\/figure>\n\n\n\n<figure class=\"wp-block-video\"><video height=\"720\" style=\"aspect-ratio: 1280 \/ 720;\" width=\"1280\" controls src=\"http:\/\/www.folkvangboligselskap.no\/wp-content\/uploads\/2023\/05\/VID_20230522_090338.mp4\"><\/video><figcaption>Video 2<\/figcaption><\/figure>\n\n\n\n<figure class=\"wp-block-embed is-type-rich is-provider-folkvang-boligselskap-as\"><div class=\"wp-block-embed__wrapper\">\n<blockquote class=\"wp-embedded-content\" data-secret=\"rCPqaxNM6l\"><a href=\"https:\/\/www.folkvangboligselskap.no\/?page_id=519\">Vinduer<\/a><\/blockquote><iframe loading=\"lazy\" class=\"wp-embedded-content\" sandbox=\"allow-scripts\" security=\"restricted\" style=\"position: absolute; visibility: hidden;\" title=\"&laquo;Vinduer&raquo; &#8212; Folkvang Boligselskap AS\" src=\"https:\/\/www.folkvangboligselskap.no\/?page_id=519&#038;embed=true#?secret=nQrHkVmGbS#?secret=rCPqaxNM6l\" data-secret=\"rCPqaxNM6l\" width=\"584\" height=\"329\" frameborder=\"0\" marginwidth=\"0\" marginheight=\"0\" scrolling=\"no\"><\/iframe>\n<\/div><\/figure>\n","protected":false},"excerpt":{"rendered":"<p>Kj\u00e6re beboere p\u00e5 Folkvang!Har f\u00e5tt en del tilbakemeldinger p\u00e5 at h\u00e5ndtaket er tungt \u00e5 betjene, det er vanskelig \u00e5 lukke vinduet og at man m\u00e5 bruke mye kraft. H\u00e5ndtaket g\u00e5r i stykker, den svarte splinten begynner og falle ut osv..Da &hellip; <a href=\"https:\/\/www.folkvangboligselskap.no\/?page_id=1246\">Les videre <span class=\"meta-nav\">&rarr;<\/span><\/a><\/p>\n","protected":false},"author":104,"featured_media":0,"parent":8,"menu_order":0,"comment_status":"closed","ping_status":"closed","template":"sidebar-page.php","meta":{"_monsterinsights_skip_tracking":false,"_monsterinsights_sitenote_active":false,"_monsterinsights_sitenote_note":"","_monsterinsights_sitenote_category":0,"footnotes":""},"class_list":["post-1246","page","type-page","status-publish","hentry"],"_links":{"self":[{"href":"https:\/\/www.folkvangboligselskap.no\/index.php?rest_route=\/wp\/v2\/pages\/1246","targetHints":{"allow":["GET"]}}],"collection":[{"href":"https:\/\/www.folkvangboligselskap.no\/index.php?rest_route=\/wp\/v2\/pages"}],"about":[{"href":"https:\/\/www.folkvangboligselskap.no\/index.php?rest_route=\/wp\/v2\/types\/page"}],"author":[{"embeddable":true,"href":"https:\/\/www.folkvangboligselskap.no\/index.php?rest_route=\/wp\/v2\/users\/104"}],"replies":[{"embeddable":true,"href":"https:\/\/www.folkvangboligselskap.no\/index.php?rest_route=%2Fwp%2Fv2%2Fcomments&post=1246"}],"version-history":[{"count":8,"href":"https:\/\/www.folkvangboligselskap.no\/index.php?rest_route=\/wp\/v2\/pages\/1246\/revisions"}],"predecessor-version":[{"id":2411,"href":"https:\/\/www.folkvangboligselskap.no\/index.php?rest_route=\/wp\/v2\/pages\/1246\/revisions\/2411"}],"up":[{"embeddable":true,"href":"https:\/\/www.folkvangboligselskap.no\/index.php?rest_route=\/wp\/v2\/pages\/8"}],"wp:attachment":[{"href":"https:\/\/www.folkvangboligselskap.no\/index.php?rest_route=%2Fwp%2Fv2%2Fmedia&parent=1246"}],"curies":[{"name":"wp","href":"https:\/\/api.w.org\/{rel}","templated":true}]}}