{"id":10,"date":"2011-11-29T14:40:51","date_gmt":"2011-11-29T13:40:51","guid":{"rendered":"http:\/\/www2.folkvangboligselskap.no\/?page_id=10"},"modified":"2016-03-29T11:07:54","modified_gmt":"2016-03-29T10:07:54","slug":"ny-beboer","status":"publish","type":"page","link":"https:\/\/www.folkvangboligselskap.no\/?page_id=10","title":{"rendered":"Ny beboer"},"content":{"rendered":"<p>Velkommen til Folkvang!<\/p>\n<p>Som et av Oslos st\u00f8rste boligselskap med 283 boenheter og enda flere beboere, \u00f8nsker vi deg hjertelig velkommen til Folkvang. Vi gleder oss! Og det er mange grunner til at du ogs\u00e5 burde glede deg. En av hovedgrunnene er at det er en god og sosial tone i boligselskapet v\u00e5rt, noe de fine og store utearealene v\u00e5re kan ta mye av \u00e6ren for. Om det s\u00e5 er soling, grilling, lek eller spill.<\/p>\n<p>I en fem minutters omkrets fra din nye leilighet har du blant annet \u201d<a href=\"http:\/\/www.apentbakeri.no\/\">\u00c5pent Bakeri<\/a>\u201d et yndet sted for de som er hjemme med sm\u00e5 barn i omr\u00e5det, eller de som bare vil spise en koselig lunsj ute. Ogs\u00e5 s\u00e5 fint n\u00e5r man \u00f8nsker rykende ferske boller og br\u00f8d. Man har restauranten\u00a0Jewel of India samt flere sm\u00e5 butikker og restauranter\u00a0p\u00e5 \u201dNordpolen\u201d.\u00a0Vi har ogs\u00e5 Sandaker Senter, som blant annet har apotek, vinmonopol, bibliotek. Lilleborg er en kort rusletur unna, med en uts\u00f8kt Sultan butikk med all verdens av gr\u00f8nnsaker, krydder, ferske oster og oljer.<\/p>\n<p>Hvis vi utvider radiusen til ti minutter, rekker vi frem til den \u201dnye bydelen\u201d Nydalen, som har Handelsh\u00f8yskolen BI og en del n\u00e6ringsbygg men som ogs\u00e5 har mye annet \u00e5 by p\u00e5 og det er helt nydelig \u00e5 g\u00e5 gjennom dalen ved \u00e5 f\u00f8lge Akerselva. Du kommer ogs\u00e5 ned p\u00e5 Torshov innen ti minutter, og her er blant annet Soria Moria og Trikkestallen. I g\u00e5 avstand er det ogs\u00e5 en rekke parker og utearealer hvis man vil utvide horisonten fra g\u00e5rdens bakg\u00e5rd.<\/p>\n<p>Noen minutter lenger sydover har vi Gr\u00fcnerl\u00f8kka med alle fasiliteter, shopping, restauranter og markeder, og den nye Ringen kino anbefalles p\u00e5 det varmeste. Litt vest ligger Sagene og Bj\u00f8lsen med hyggelige butikker og cafeer.<\/p>\n<p>Du har selvf\u00f8lgelig ogs\u00e5 kort vei til b\u00e5de trikk (11,12 og 13), buss og t-bane som tar deg videre til resten av byen.<br \/>\nVelkommen!<\/p>\n","protected":false},"excerpt":{"rendered":"<p>Velkommen til Folkvang! Som et av Oslos st\u00f8rste boligselskap med 283 boenheter og enda flere beboere, \u00f8nsker vi deg hjertelig velkommen til Folkvang. Vi gleder oss! Og det er mange grunner til at du ogs\u00e5 burde glede deg. En av &hellip; <a href=\"https:\/\/www.folkvangboligselskap.no\/?page_id=10\">Les videre <span class=\"meta-nav\">&rarr;<\/span><\/a><\/p>\n","protected":false},"author":1,"featured_media":0,"parent":0,"menu_order":0,"comment_status":"open","ping_status":"open","template":"sidebar-page.php","meta":{"_monsterinsights_skip_tracking":false,"_monsterinsights_sitenote_active":false,"_monsterinsights_sitenote_note":"","_monsterinsights_sitenote_category":0,"footnotes":""},"class_list":["post-10","page","type-page","status-publish","hentry"],"_links":{"self":[{"href":"https:\/\/www.folkvangboligselskap.no\/index.php?rest_route=\/wp\/v2\/pages\/10","targetHints":{"allow":["GET"]}}],"collection":[{"href":"https:\/\/www.folkvangboligselskap.no\/index.php?rest_route=\/wp\/v2\/pages"}],"about":[{"href":"https:\/\/www.folkvangboligselskap.no\/index.php?rest_route=\/wp\/v2\/types\/page"}],"author":[{"embeddable":true,"href":"https:\/\/www.folkvangboligselskap.no\/index.php?rest_route=\/wp\/v2\/users\/1"}],"replies":[{"embeddable":true,"href":"https:\/\/www.folkvangboligselskap.no\/index.php?rest_route=%2Fwp%2Fv2%2Fcomments&post=10"}],"version-history":[{"count":4,"href":"https:\/\/www.folkvangboligselskap.no\/index.php?rest_route=\/wp\/v2\/pages\/10\/revisions"}],"predecessor-version":[{"id":307,"href":"https:\/\/www.folkvangboligselskap.no\/index.php?rest_route=\/wp\/v2\/pages\/10\/revisions\/307"}],"wp:attachment":[{"href":"https:\/\/www.folkvangboligselskap.no\/index.php?rest_route=%2Fwp%2Fv2%2Fmedia&parent=10"}],"curies":[{"name":"wp","href":"https:\/\/api.w.org\/{rel}","templated":true}]}}